{"id":342,"date":"2025-11-19T09:12:20","date_gmt":"2025-11-19T09:12:20","guid":{"rendered":"https:\/\/hotel-lombardia-milano.ms3.decms.eu\/?page_id=342"},"modified":"2026-01-15T09:23:37","modified_gmt":"2026-01-15T09:23:37","slug":"camere","status":"publish","type":"page","link":"https:\/\/www.hotellombardia.com\/it\/camere\/","title":{"rendered":"Camere"},"content":{"rendered":"<p>All&#8217;Hotel Lombardia ti accogliamo in camere spaziose e luminose, pensate per offrirti comfort e relax. Ogni camera hotel Milano \u00e8 arredata con cura, creando un rifugio tranquillo dove riposarti lontano dal trambusto della citt\u00e0. Teniamo particolarmente alla pulizia: gli <strong>standard igienici sono rigorosi e meticolosi<\/strong>, per garantire a ogni ospite un ambiente impeccabile. Qui ti sentirai come a casa tua, ma con tutti i vantaggi di un soggiorno in hotel attento e ben organizzato.<\/p>\n<p>Quando prenoti una <strong>camera d\u2019hotel a Milano<\/strong>, cerchi quello spirito milanese autentico: arredi moderni, dettagli eleganti e un design curato in ogni aspetto. All&#8217;Hotel Lombardia trovi tutto questo e molto di pi\u00f9. Potrai goderti un soggiorno riposante con tutti i comfort essenziali: biancheria morbida, saponi di qualit\u00e0, shampoo e altri piccoli accorgimenti che rendono il tuo soggiorno il pi\u00f9 piacevole possibile.<\/p>\n<p>Comfort e attenzione all\u2019ambiente vanno di pari passo. La nostra biancheria da letto \u00e8 realizzata con tessuti di alta qualit\u00e0 certificati Oeko-Tex, ideali anche per chi soffre di allergie. In collaborazione con La Orio Team Srl, adottiamo un processo di lavanderia sostenibile che limita consumi ed emissioni, utilizzando detergenti ecologici. Per un soggiorno a Milano confortevole e consapevole.<\/p>\n","protected":false},"excerpt":{"rendered":"<p>All&#8217;Hotel Lombardia ti accogliamo in camere spaziose e luminose, pensate per offrirti comfort e relax. Ogni camera hotel Milano \u00e8 arredata con cura, creando un rifugio tranquillo dove riposarti lontano dal trambusto della citt\u00e0. Teniamo particolarmente alla pulizia: gli standard igienici sono rigorosi e meticolosi, per garantire a ogni ospite un ambiente impeccabile. Qui ti [&hellip;]<\/p>\n","protected":false},"author":9,"featured_media":0,"parent":0,"menu_order":5,"comment_status":"closed","ping_status":"closed","template":"template-rooms.php","meta":{"footnotes":""},"class_list":["post-342","page","type-page","status-publish","hentry"],"yoast_head":"<!-- This site is optimized with the Yoast SEO plugin v26.9 - https:\/\/yoast.com\/product\/yoast-seo-wordpress\/ -->\n<title>Camere &#8211; Hotel Lombardia Milano<\/title>\n<meta name=\"description\" content=\"All&#039;Hotel Lombardia ti accogliamo in camere spaziose e luminose, pensate per offrirti comfort e relax. Ogni camera hotel Milano \u00e8 arredata con cura, creando un rifugio tranquillo dove riposarti lontano dal trambusto della citt\u00e0\" \/>\n<meta name=\"robots\" content=\"index, follow, max-snippet:-1, max-image-preview:large, max-video-preview:-1\" \/>\n<link rel=\"canonical\" href=\"https:\/\/www.hotellombardia.com\/it\/camere\/\" \/>\n<meta property=\"og:locale\" content=\"it_IT\" \/>\n<meta property=\"og:type\" content=\"article\" \/>\n<meta property=\"og:title\" content=\"Camere &#8211; Hotel Lombardia Milano\" \/>\n<meta property=\"og:description\" content=\"All&#039;Hotel Lombardia ti accogliamo in camere spaziose e luminose, pensate per offrirti comfort e relax. Ogni camera hotel Milano \u00e8 arredata con cura, creando un rifugio tranquillo dove riposarti lontano dal trambusto della citt\u00e0\" \/>\n<meta property=\"og:url\" content=\"https:\/\/www.hotellombardia.com\/it\/camere\/\" \/>\n<meta property=\"og:site_name\" content=\"Hotel Lombardia Milano\" \/>\n<meta property=\"article:modified_time\" content=\"2026-01-15T09:23:37+00:00\" \/>\n<meta name=\"twitter:card\" content=\"summary_large_image\" \/>\n<meta name=\"twitter:label1\" content=\"Est. reading time\" \/>\n\t<meta name=\"twitter:data1\" content=\"1 minuto\" \/>\n<script type=\"application\/ld+json\" class=\"yoast-schema-graph\">{\"@context\":\"https:\/\/schema.org\",\"@graph\":[{\"@type\":\"WebPage\",\"@id\":\"https:\/\/www.hotellombardia.com\/it\/camere\/\",\"url\":\"https:\/\/www.hotellombardia.com\/it\/camere\/\",\"name\":\"Camere &#8211; Hotel Lombardia Milano\",\"isPartOf\":{\"@id\":\"https:\/\/www.hotellombardia.com\/it\/#website\"},\"datePublished\":\"2025-11-19T09:12:20+00:00\",\"dateModified\":\"2026-01-15T09:23:37+00:00\",\"description\":\"All'Hotel Lombardia ti accogliamo in camere spaziose e luminose, pensate per offrirti comfort e relax. Ogni camera hotel Milano \u00e8 arredata con cura, creando un rifugio tranquillo dove riposarti lontano dal trambusto della citt\u00e0\",\"breadcrumb\":{\"@id\":\"https:\/\/www.hotellombardia.com\/it\/camere\/#breadcrumb\"},\"inLanguage\":\"it-IT\",\"potentialAction\":[{\"@type\":\"ReadAction\",\"target\":[\"https:\/\/www.hotellombardia.com\/it\/camere\/\"]}]},{\"@type\":\"BreadcrumbList\",\"@id\":\"https:\/\/www.hotellombardia.com\/it\/camere\/#breadcrumb\",\"itemListElement\":[{\"@type\":\"ListItem\",\"position\":1,\"name\":\"Home\",\"item\":\"https:\/\/www.hotellombardia.com\/it\/\"},{\"@type\":\"ListItem\",\"position\":2,\"name\":\"Camere\"}]},{\"@type\":\"WebSite\",\"@id\":\"https:\/\/www.hotellombardia.com\/it\/#website\",\"url\":\"https:\/\/www.hotellombardia.com\/it\/\",\"name\":\"Hotel Lombardia Milano\",\"description\":\"Hotel Lombardia Milan | Business, Relaxation &amp; Beauty\",\"publisher\":{\"@id\":\"https:\/\/www.hotellombardia.com\/it\/#organization\"},\"alternateName\":\"Hotel Lombardia Milano\",\"potentialAction\":[{\"@type\":\"SearchAction\",\"target\":{\"@type\":\"EntryPoint\",\"urlTemplate\":\"https:\/\/www.hotellombardia.com\/it\/?s={search_term_string}\"},\"query-input\":{\"@type\":\"PropertyValueSpecification\",\"valueRequired\":true,\"valueName\":\"search_term_string\"}}],\"inLanguage\":\"it-IT\"},{\"@type\":\"Organization\",\"@id\":\"https:\/\/www.hotellombardia.com\/it\/#organization\",\"name\":\"Hotel Lombardia Milano\",\"alternateName\":\"Hotel Lombardia Milano\",\"url\":\"https:\/\/www.hotellombardia.com\/it\/\",\"logo\":{\"@type\":\"ImageObject\",\"inLanguage\":\"it-IT\",\"@id\":\"https:\/\/www.hotellombardia.com\/it\/#\/schema\/logo\/image\/\",\"url\":\"https:\/\/hotel-lombardia-milano.ms3.decms.eu\/wp-content\/uploads\/sites\/17\/2025\/11\/1714842320-logo.avif\",\"contentUrl\":\"https:\/\/hotel-lombardia-milano.ms3.decms.eu\/wp-content\/uploads\/sites\/17\/2025\/11\/1714842320-logo.avif\",\"width\":175,\"height\":135,\"caption\":\"Hotel Lombardia Milano\"},\"image\":{\"@id\":\"https:\/\/www.hotellombardia.com\/it\/#\/schema\/logo\/image\/\"}}]}<\/script>\n<!-- \/ Yoast SEO plugin. -->","yoast_head_json":{"title":"Camere &#8211; Hotel Lombardia Milano","description":"All'Hotel Lombardia ti accogliamo in camere spaziose e luminose, pensate per offrirti comfort e relax. Ogni camera hotel Milano \u00e8 arredata con cura, creando un rifugio tranquillo dove riposarti lontano dal trambusto della citt\u00e0","robots":{"index":"index","follow":"follow","max-snippet":"max-snippet:-1","max-image-preview":"max-image-preview:large","max-video-preview":"max-video-preview:-1"},"canonical":"https:\/\/www.hotellombardia.com\/it\/camere\/","og_locale":"it_IT","og_type":"article","og_title":"Camere &#8211; Hotel Lombardia Milano","og_description":"All'Hotel Lombardia ti accogliamo in camere spaziose e luminose, pensate per offrirti comfort e relax. Ogni camera hotel Milano \u00e8 arredata con cura, creando un rifugio tranquillo dove riposarti lontano dal trambusto della citt\u00e0","og_url":"https:\/\/www.hotellombardia.com\/it\/camere\/","og_site_name":"Hotel Lombardia Milano","article_modified_time":"2026-01-15T09:23:37+00:00","twitter_card":"summary_large_image","twitter_misc":{"Est. reading time":"1 minuto"},"schema":{"@context":"https:\/\/schema.org","@graph":[{"@type":"WebPage","@id":"https:\/\/www.hotellombardia.com\/it\/camere\/","url":"https:\/\/www.hotellombardia.com\/it\/camere\/","name":"Camere &#8211; Hotel Lombardia Milano","isPartOf":{"@id":"https:\/\/www.hotellombardia.com\/it\/#website"},"datePublished":"2025-11-19T09:12:20+00:00","dateModified":"2026-01-15T09:23:37+00:00","description":"All'Hotel Lombardia ti accogliamo in camere spaziose e luminose, pensate per offrirti comfort e relax. Ogni camera hotel Milano \u00e8 arredata con cura, creando un rifugio tranquillo dove riposarti lontano dal trambusto della citt\u00e0","breadcrumb":{"@id":"https:\/\/www.hotellombardia.com\/it\/camere\/#breadcrumb"},"inLanguage":"it-IT","potentialAction":[{"@type":"ReadAction","target":["https:\/\/www.hotellombardia.com\/it\/camere\/"]}]},{"@type":"BreadcrumbList","@id":"https:\/\/www.hotellombardia.com\/it\/camere\/#breadcrumb","itemListElement":[{"@type":"ListItem","position":1,"name":"Home","item":"https:\/\/www.hotellombardia.com\/it\/"},{"@type":"ListItem","position":2,"name":"Camere"}]},{"@type":"WebSite","@id":"https:\/\/www.hotellombardia.com\/it\/#website","url":"https:\/\/www.hotellombardia.com\/it\/","name":"Hotel Lombardia Milano","description":"Hotel Lombardia Milan | Business, Relaxation &amp; Beauty","publisher":{"@id":"https:\/\/www.hotellombardia.com\/it\/#organization"},"alternateName":"Hotel Lombardia Milano","potentialAction":[{"@type":"SearchAction","target":{"@type":"EntryPoint","urlTemplate":"https:\/\/www.hotellombardia.com\/it\/?s={search_term_string}"},"query-input":{"@type":"PropertyValueSpecification","valueRequired":true,"valueName":"search_term_string"}}],"inLanguage":"it-IT"},{"@type":"Organization","@id":"https:\/\/www.hotellombardia.com\/it\/#organization","name":"Hotel Lombardia Milano","alternateName":"Hotel Lombardia Milano","url":"https:\/\/www.hotellombardia.com\/it\/","logo":{"@type":"ImageObject","inLanguage":"it-IT","@id":"https:\/\/www.hotellombardia.com\/it\/#\/schema\/logo\/image\/","url":"https:\/\/hotel-lombardia-milano.ms3.decms.eu\/wp-content\/uploads\/sites\/17\/2025\/11\/1714842320-logo.avif","contentUrl":"https:\/\/hotel-lombardia-milano.ms3.decms.eu\/wp-content\/uploads\/sites\/17\/2025\/11\/1714842320-logo.avif","width":175,"height":135,"caption":"Hotel Lombardia Milano"},"image":{"@id":"https:\/\/www.hotellombardia.com\/it\/#\/schema\/logo\/image\/"}}]}},"acf":[],"_links":{"self":[{"href":"https:\/\/www.hotellombardia.com\/it\/wp-json\/wp\/v2\/pages\/342","targetHints":{"allow":["GET"]}}],"collection":[{"href":"https:\/\/www.hotellombardia.com\/it\/wp-json\/wp\/v2\/pages"}],"about":[{"href":"https:\/\/www.hotellombardia.com\/it\/wp-json\/wp\/v2\/types\/page"}],"author":[{"embeddable":true,"href":"https:\/\/www.hotellombardia.com\/it\/wp-json\/wp\/v2\/users\/9"}],"replies":[{"embeddable":true,"href":"https:\/\/www.hotellombardia.com\/it\/wp-json\/wp\/v2\/comments?post=342"}],"version-history":[{"count":0,"href":"https:\/\/www.hotellombardia.com\/it\/wp-json\/wp\/v2\/pages\/342\/revisions"}],"wp:attachment":[{"href":"https:\/\/www.hotellombardia.com\/it\/wp-json\/wp\/v2\/media?parent=342"}],"curies":[{"name":"wp","href":"https:\/\/api.w.org\/{rel}","templated":true}]}}