{"id":349,"date":"2025-11-17T09:52:50","date_gmt":"2025-11-17T09:52:50","guid":{"rendered":"https:\/\/hotel-lombardia-milano.ms3.decms.eu\/?page_id=349"},"modified":"2026-03-04T11:06:45","modified_gmt":"2026-03-04T11:06:45","slug":"bienvenidos-al-hotel-lombardia","status":"publish","type":"page","link":"https:\/\/www.hotellombardia.com\/es\/","title":{"rendered":"Bienvenidos al Hotel Lombardia"},"content":{"rendered":"<p>Situado cerca del animado Corso Buenos Aires y de la Estaci\u00f3n Central de Mil\u00e1n, el <b>Hotel Lombardia<\/b> ofrece un refugio tranquilo en el coraz\u00f3n de la ciudad, un equilibrio poco com\u00fan donde la elegancia se encuentra con la serenidad. Como <b>hotel 4 estrellas en Mil\u00e1n<\/b>, Italia, combina confort moderno con una atm\u00f3sfera relajante, creando un oasis de calma en medio de la energ\u00eda urbana.<\/p>\n<p>Con su dise\u00f1o amplio y abierto y sus exuberantes jardines, el Hotel Lombardia crea un ambiente acogedor y casi hol\u00edstico que favorece la relajaci\u00f3n y el bienestar.<\/p>\n<h2 style=\"font-size: 2em;\"><b>Servicio personalizado con aut\u00e9ntica hospitalidad milanesa<\/b><\/h2>\n<p>Como hotel 4 estrellas en Mil\u00e1n, los hu\u00e9spedes son recibidos con un alto nivel de servicio personalizado. El personal dedicado est\u00e1 disponible 24\/7, asegurando que cada necesidad sea atendida con atenci\u00f3n al detalle y cuidado genuino. Ya sea que necesites ayuda para planificar tu d\u00eda, reservar un taxi u obtener recomendaciones locales, el equipo est\u00e1 siempre listo para hacer tu estancia m\u00e1s placentera.<\/p>\n","protected":false},"excerpt":{"rendered":"<p>Situado cerca del animado Corso Buenos Aires y de la Estaci\u00f3n Central de Mil\u00e1n, el Hotel Lombardia ofrece un refugio tranquilo en el coraz\u00f3n de la ciudad, un equilibrio poco com\u00fan donde la elegancia se encuentra con la serenidad. Como hotel 4 estrellas en Mil\u00e1n, Italia, combina confort moderno con una atm\u00f3sfera relajante, creando un [&hellip;]<\/p>\n","protected":false},"author":9,"featured_media":0,"parent":0,"menu_order":0,"comment_status":"closed","ping_status":"closed","template":"","meta":{"footnotes":""},"class_list":["post-349","page","type-page","status-publish","hentry"],"yoast_head":"<!-- This site is optimized with the Yoast SEO plugin v26.9 - https:\/\/yoast.com\/product\/yoast-seo-wordpress\/ -->\n<title>Bienvenidos al Hotel Lombardia &#8211; Hotel Lombardia Milano<\/title>\n<meta name=\"description\" content=\"Situado cerca del animado Corso Buenos Aires y de la Estaci\u00f3n Central de Mil\u00e1n, el Hotel Lombardia ofrece un refugio tranquilo en el coraz\u00f3n de la ciudad, un equilibrio poco com\u00fan donde la elegancia se encuentra con la serenidad. Como hotel 4 estrellas en Mil\u00e1n, Italia, combina confort moderno con una atm\u00f3sfera relajante, creando un oasis de calma en medio de la energ\u00eda urbana.  Con su dise\u00f1o amplio y abierto y sus exuberantes jardines, el Hotel Lombardia crea un ambiente acogedor y casi hol\u00edstico que favorece la relajaci\u00f3n y el bienestar. Servicio personalizado con aut\u00e9ntica hospitalidad milanesa Como hotel 4 estrellas en Mil\u00e1n, los hu\u00e9spedes son recibidos con un alto nivel de servicio personalizado\" \/>\n<meta name=\"robots\" content=\"index, follow, max-snippet:-1, max-image-preview:large, max-video-preview:-1\" \/>\n<link rel=\"canonical\" href=\"https:\/\/www.hotellombardia.com\/es\/\" \/>\n<meta property=\"og:locale\" content=\"es_ES\" \/>\n<meta property=\"og:type\" content=\"article\" \/>\n<meta property=\"og:title\" content=\"Bienvenidos al Hotel Lombardia &#8211; Hotel Lombardia Milano\" \/>\n<meta property=\"og:description\" content=\"Situado cerca del animado Corso Buenos Aires y de la Estaci\u00f3n Central de Mil\u00e1n, el Hotel Lombardia ofrece un refugio tranquilo en el coraz\u00f3n de la ciudad, un equilibrio poco com\u00fan donde la elegancia se encuentra con la serenidad. Como hotel 4 estrellas en Mil\u00e1n, Italia, combina confort moderno con una atm\u00f3sfera relajante, creando un oasis de calma en medio de la energ\u00eda urbana.  Con su dise\u00f1o amplio y abierto y sus exuberantes jardines, el Hotel Lombardia crea un ambiente acogedor y casi hol\u00edstico que favorece la relajaci\u00f3n y el bienestar. Servicio personalizado con aut\u00e9ntica hospitalidad milanesa Como hotel 4 estrellas en Mil\u00e1n, los hu\u00e9spedes son recibidos con un alto nivel de servicio personalizado\" \/>\n<meta property=\"og:url\" content=\"https:\/\/www.hotellombardia.com\/es\/\" \/>\n<meta property=\"og:site_name\" content=\"Hotel Lombardia Milano\" \/>\n<meta property=\"article:modified_time\" content=\"2026-03-04T11:06:45+00:00\" \/>\n<meta name=\"twitter:card\" content=\"summary_large_image\" \/>\n<meta name=\"twitter:label1\" content=\"Est. reading time\" \/>\n\t<meta name=\"twitter:data1\" content=\"1 minuto\" \/>\n<script type=\"application\/ld+json\" class=\"yoast-schema-graph\">{\"@context\":\"https:\/\/schema.org\",\"@graph\":[{\"@type\":\"WebPage\",\"@id\":\"https:\/\/www.hotellombardia.com\/es\/\",\"url\":\"https:\/\/www.hotellombardia.com\/es\/\",\"name\":\"Bienvenidos al Hotel Lombardia &#8211; Hotel Lombardia Milano\",\"isPartOf\":{\"@id\":\"https:\/\/www.hotellombardia.com\/es\/#website\"},\"datePublished\":\"2025-11-17T09:52:50+00:00\",\"dateModified\":\"2026-03-04T11:06:45+00:00\",\"description\":\"Situado cerca del animado Corso Buenos Aires y de la Estaci\u00f3n Central de Mil\u00e1n, el Hotel Lombardia ofrece un refugio tranquilo en el coraz\u00f3n de la ciudad, un equilibrio poco com\u00fan donde la elegancia se encuentra con la serenidad. Como hotel 4 estrellas en Mil\u00e1n, Italia, combina confort moderno con una atm\u00f3sfera relajante, creando un oasis de calma en medio de la energ\u00eda urbana. Con su dise\u00f1o amplio y abierto y sus exuberantes jardines, el Hotel Lombardia crea un ambiente acogedor y casi hol\u00edstico que favorece la relajaci\u00f3n y el bienestar. Servicio personalizado con aut\u00e9ntica hospitalidad milanesa Como hotel 4 estrellas en Mil\u00e1n, los hu\u00e9spedes son recibidos con un alto nivel de servicio personalizado\",\"breadcrumb\":{\"@id\":\"https:\/\/www.hotellombardia.com\/es\/#breadcrumb\"},\"inLanguage\":\"es\",\"potentialAction\":[{\"@type\":\"ReadAction\",\"target\":[\"https:\/\/www.hotellombardia.com\/es\/\"]}]},{\"@type\":\"BreadcrumbList\",\"@id\":\"https:\/\/www.hotellombardia.com\/es\/#breadcrumb\",\"itemListElement\":[{\"@type\":\"ListItem\",\"position\":1,\"name\":\"Home\",\"item\":\"https:\/\/www.hotellombardia.com\/es\/\"},{\"@type\":\"ListItem\",\"position\":2,\"name\":\"Bienvenidos al Hotel Lombardia\"}]},{\"@type\":\"WebSite\",\"@id\":\"https:\/\/www.hotellombardia.com\/es\/#website\",\"url\":\"https:\/\/www.hotellombardia.com\/es\/\",\"name\":\"Hotel Lombardia Milano\",\"description\":\"Hotel Lombardia Milan | Business, Relaxation &amp; Beauty\",\"publisher\":{\"@id\":\"https:\/\/www.hotellombardia.com\/es\/#organization\"},\"alternateName\":\"Hotel Lombardia Milano\",\"potentialAction\":[{\"@type\":\"SearchAction\",\"target\":{\"@type\":\"EntryPoint\",\"urlTemplate\":\"https:\/\/www.hotellombardia.com\/es\/?s={search_term_string}\"},\"query-input\":{\"@type\":\"PropertyValueSpecification\",\"valueRequired\":true,\"valueName\":\"search_term_string\"}}],\"inLanguage\":\"es\"},{\"@type\":\"Organization\",\"@id\":\"https:\/\/www.hotellombardia.com\/es\/#organization\",\"name\":\"Hotel Lombardia Milano\",\"alternateName\":\"Hotel Lombardia Milano\",\"url\":\"https:\/\/www.hotellombardia.com\/es\/\",\"logo\":{\"@type\":\"ImageObject\",\"inLanguage\":\"es\",\"@id\":\"https:\/\/www.hotellombardia.com\/es\/#\/schema\/logo\/image\/\",\"url\":\"https:\/\/hotel-lombardia-milano.ms3.decms.eu\/wp-content\/uploads\/sites\/17\/2025\/11\/1714842320-logo.avif\",\"contentUrl\":\"https:\/\/hotel-lombardia-milano.ms3.decms.eu\/wp-content\/uploads\/sites\/17\/2025\/11\/1714842320-logo.avif\",\"width\":175,\"height\":135,\"caption\":\"Hotel Lombardia Milano\"},\"image\":{\"@id\":\"https:\/\/www.hotellombardia.com\/es\/#\/schema\/logo\/image\/\"}}]}<\/script>\n<!-- \/ Yoast SEO plugin. -->","yoast_head_json":{"title":"Bienvenidos al Hotel Lombardia &#8211; Hotel Lombardia Milano","description":"Situado cerca del animado Corso Buenos Aires y de la Estaci\u00f3n Central de Mil\u00e1n, el Hotel Lombardia ofrece un refugio tranquilo en el coraz\u00f3n de la ciudad, un equilibrio poco com\u00fan donde la elegancia se encuentra con la serenidad. Como hotel 4 estrellas en Mil\u00e1n, Italia, combina confort moderno con una atm\u00f3sfera relajante, creando un oasis de calma en medio de la energ\u00eda urbana.  Con su dise\u00f1o amplio y abierto y sus exuberantes jardines, el Hotel Lombardia crea un ambiente acogedor y casi hol\u00edstico que favorece la relajaci\u00f3n y el bienestar. Servicio personalizado con aut\u00e9ntica hospitalidad milanesa Como hotel 4 estrellas en Mil\u00e1n, los hu\u00e9spedes son recibidos con un alto nivel de servicio personalizado","robots":{"index":"index","follow":"follow","max-snippet":"max-snippet:-1","max-image-preview":"max-image-preview:large","max-video-preview":"max-video-preview:-1"},"canonical":"https:\/\/www.hotellombardia.com\/es\/","og_locale":"es_ES","og_type":"article","og_title":"Bienvenidos al Hotel Lombardia &#8211; Hotel Lombardia Milano","og_description":"Situado cerca del animado Corso Buenos Aires y de la Estaci\u00f3n Central de Mil\u00e1n, el Hotel Lombardia ofrece un refugio tranquilo en el coraz\u00f3n de la ciudad, un equilibrio poco com\u00fan donde la elegancia se encuentra con la serenidad. Como hotel 4 estrellas en Mil\u00e1n, Italia, combina confort moderno con una atm\u00f3sfera relajante, creando un oasis de calma en medio de la energ\u00eda urbana.  Con su dise\u00f1o amplio y abierto y sus exuberantes jardines, el Hotel Lombardia crea un ambiente acogedor y casi hol\u00edstico que favorece la relajaci\u00f3n y el bienestar. Servicio personalizado con aut\u00e9ntica hospitalidad milanesa Como hotel 4 estrellas en Mil\u00e1n, los hu\u00e9spedes son recibidos con un alto nivel de servicio personalizado","og_url":"https:\/\/www.hotellombardia.com\/es\/","og_site_name":"Hotel Lombardia Milano","article_modified_time":"2026-03-04T11:06:45+00:00","twitter_card":"summary_large_image","twitter_misc":{"Est. reading time":"1 minuto"},"schema":{"@context":"https:\/\/schema.org","@graph":[{"@type":"WebPage","@id":"https:\/\/www.hotellombardia.com\/es\/","url":"https:\/\/www.hotellombardia.com\/es\/","name":"Bienvenidos al Hotel Lombardia &#8211; Hotel Lombardia Milano","isPartOf":{"@id":"https:\/\/www.hotellombardia.com\/es\/#website"},"datePublished":"2025-11-17T09:52:50+00:00","dateModified":"2026-03-04T11:06:45+00:00","description":"Situado cerca del animado Corso Buenos Aires y de la Estaci\u00f3n Central de Mil\u00e1n, el Hotel Lombardia ofrece un refugio tranquilo en el coraz\u00f3n de la ciudad, un equilibrio poco com\u00fan donde la elegancia se encuentra con la serenidad. Como hotel 4 estrellas en Mil\u00e1n, Italia, combina confort moderno con una atm\u00f3sfera relajante, creando un oasis de calma en medio de la energ\u00eda urbana. Con su dise\u00f1o amplio y abierto y sus exuberantes jardines, el Hotel Lombardia crea un ambiente acogedor y casi hol\u00edstico que favorece la relajaci\u00f3n y el bienestar. Servicio personalizado con aut\u00e9ntica hospitalidad milanesa Como hotel 4 estrellas en Mil\u00e1n, los hu\u00e9spedes son recibidos con un alto nivel de servicio personalizado","breadcrumb":{"@id":"https:\/\/www.hotellombardia.com\/es\/#breadcrumb"},"inLanguage":"es","potentialAction":[{"@type":"ReadAction","target":["https:\/\/www.hotellombardia.com\/es\/"]}]},{"@type":"BreadcrumbList","@id":"https:\/\/www.hotellombardia.com\/es\/#breadcrumb","itemListElement":[{"@type":"ListItem","position":1,"name":"Home","item":"https:\/\/www.hotellombardia.com\/es\/"},{"@type":"ListItem","position":2,"name":"Bienvenidos al Hotel Lombardia"}]},{"@type":"WebSite","@id":"https:\/\/www.hotellombardia.com\/es\/#website","url":"https:\/\/www.hotellombardia.com\/es\/","name":"Hotel Lombardia Milano","description":"Hotel Lombardia Milan | Business, Relaxation &amp; Beauty","publisher":{"@id":"https:\/\/www.hotellombardia.com\/es\/#organization"},"alternateName":"Hotel Lombardia Milano","potentialAction":[{"@type":"SearchAction","target":{"@type":"EntryPoint","urlTemplate":"https:\/\/www.hotellombardia.com\/es\/?s={search_term_string}"},"query-input":{"@type":"PropertyValueSpecification","valueRequired":true,"valueName":"search_term_string"}}],"inLanguage":"es"},{"@type":"Organization","@id":"https:\/\/www.hotellombardia.com\/es\/#organization","name":"Hotel Lombardia Milano","alternateName":"Hotel Lombardia Milano","url":"https:\/\/www.hotellombardia.com\/es\/","logo":{"@type":"ImageObject","inLanguage":"es","@id":"https:\/\/www.hotellombardia.com\/es\/#\/schema\/logo\/image\/","url":"https:\/\/hotel-lombardia-milano.ms3.decms.eu\/wp-content\/uploads\/sites\/17\/2025\/11\/1714842320-logo.avif","contentUrl":"https:\/\/hotel-lombardia-milano.ms3.decms.eu\/wp-content\/uploads\/sites\/17\/2025\/11\/1714842320-logo.avif","width":175,"height":135,"caption":"Hotel Lombardia Milano"},"image":{"@id":"https:\/\/www.hotellombardia.com\/es\/#\/schema\/logo\/image\/"}}]}},"acf":[],"_links":{"self":[{"href":"https:\/\/www.hotellombardia.com\/es\/wp-json\/wp\/v2\/pages\/349","targetHints":{"allow":["GET"]}}],"collection":[{"href":"https:\/\/www.hotellombardia.com\/es\/wp-json\/wp\/v2\/pages"}],"about":[{"href":"https:\/\/www.hotellombardia.com\/es\/wp-json\/wp\/v2\/types\/page"}],"author":[{"embeddable":true,"href":"https:\/\/www.hotellombardia.com\/es\/wp-json\/wp\/v2\/users\/9"}],"replies":[{"embeddable":true,"href":"https:\/\/www.hotellombardia.com\/es\/wp-json\/wp\/v2\/comments?post=349"}],"version-history":[{"count":0,"href":"https:\/\/www.hotellombardia.com\/es\/wp-json\/wp\/v2\/pages\/349\/revisions"}],"wp:attachment":[{"href":"https:\/\/www.hotellombardia.com\/es\/wp-json\/wp\/v2\/media?parent=349"}],"curies":[{"name":"wp","href":"https:\/\/api.w.org\/{rel}","templated":true}]}}