{"id":327,"date":"2025-11-19T09:30:51","date_gmt":"2025-11-19T09:30:51","guid":{"rendered":"https:\/\/hotel-lombardia-milano.ms3.decms.eu\/?page_id=327"},"modified":"2026-01-23T11:18:35","modified_gmt":"2026-01-23T11:18:35","slug":"habitacion-cuadruple","status":"publish","type":"page","link":"https:\/\/www.hotellombardia.com\/es\/habitaciones\/habitacion-cuadruple\/","title":{"rendered":"Habitaci\u00f3n Cu\u00e1druple"},"content":{"rendered":"<p>Nuestra habitaci\u00f3n Cu\u00e1druple es perfecta para familias o grupos, ofreciendo <b>dos camas dobles (140\u00d7200 cm) <\/b>distribuidas en <b>dos habitaciones conectadas <\/b>que crean una atm\u00f3sfera acogedora similar a un apartamento privado. Ideal para hu\u00e9spedes que buscan una espaciosa <b>habitaci\u00f3n de hotel familiar en Mil\u00e1n<\/b>, este dise\u00f1o asegura confort y privacidad para todos.<\/p>\n<p>Puedes compartir los momentos memorables de tu viaje, mientras mantienes la capacidad de cerrar la puerta para un momento de tranquilidad cuando lo necesites.<\/p>\n<p>&nbsp;<\/p>\n","protected":false},"excerpt":{"rendered":"<p>Nuestra habitaci\u00f3n Cu\u00e1druple es perfecta para familias o grupos, ofreciendo dos camas dobles (140\u00d7200 cm) distribuidas en dos habitaciones conectadas que crean una atm\u00f3sfera acogedora similar a un apartamento privado. Ideal para hu\u00e9spedes que buscan una espaciosa habitaci\u00f3n de hotel familiar en Mil\u00e1n, este dise\u00f1o asegura confort y privacidad para todos. Puedes compartir los momentos [&hellip;]<\/p>\n","protected":false},"author":9,"featured_media":0,"parent":344,"menu_order":13,"comment_status":"closed","ping_status":"closed","template":"template-single-room.php","meta":{"footnotes":""},"class_list":["post-327","page","type-page","status-publish","hentry"],"yoast_head":"<!-- This site is optimized with the Yoast SEO plugin v26.9 - https:\/\/yoast.com\/product\/yoast-seo-wordpress\/ -->\n<title>Habitaci\u00f3n Cu\u00e1druple &#8211; Hotel Lombardia Milano<\/title>\n<meta name=\"description\" content=\"Nuestra habitaci\u00f3n Cu\u00e1druple es perfecta para familias o grupos, ofreciendo dos camas dobles (140\u00d7200 cm) distribuidas en dos habitaciones conectadas que crean una atm\u00f3sfera acogedora similar a un apartamento privado. Ideal para hu\u00e9spedes que buscan una espaciosa habitaci\u00f3n de hotel familiar en Mil\u00e1n, este dise\u00f1o asegura confort y privacidad para todos.  Puedes compartir los momentos memorables de tu viaje, mientras mantienes la capacidad de cerrar la puerta para un momento de tranquilidad cuando lo necesites.  &nbsp;\" \/>\n<meta name=\"robots\" content=\"index, follow, max-snippet:-1, max-image-preview:large, max-video-preview:-1\" \/>\n<link rel=\"canonical\" href=\"https:\/\/www.hotellombardia.com\/es\/habitaciones\/habitacion-cuadruple\/\" \/>\n<meta property=\"og:locale\" content=\"es_ES\" \/>\n<meta property=\"og:type\" content=\"article\" \/>\n<meta property=\"og:title\" content=\"Habitaci\u00f3n Cu\u00e1druple &#8211; Hotel Lombardia Milano\" \/>\n<meta property=\"og:description\" content=\"Nuestra habitaci\u00f3n Cu\u00e1druple es perfecta para familias o grupos, ofreciendo dos camas dobles (140\u00d7200 cm) distribuidas en dos habitaciones conectadas que crean una atm\u00f3sfera acogedora similar a un apartamento privado. Ideal para hu\u00e9spedes que buscan una espaciosa habitaci\u00f3n de hotel familiar en Mil\u00e1n, este dise\u00f1o asegura confort y privacidad para todos.  Puedes compartir los momentos memorables de tu viaje, mientras mantienes la capacidad de cerrar la puerta para un momento de tranquilidad cuando lo necesites.  &nbsp;\" \/>\n<meta property=\"og:url\" content=\"https:\/\/www.hotellombardia.com\/es\/habitaciones\/habitacion-cuadruple\/\" \/>\n<meta property=\"og:site_name\" content=\"Hotel Lombardia Milano\" \/>\n<meta property=\"article:modified_time\" content=\"2026-01-23T11:18:35+00:00\" \/>\n<meta name=\"twitter:card\" content=\"summary_large_image\" \/>\n<meta name=\"twitter:label1\" content=\"Est. reading time\" \/>\n\t<meta name=\"twitter:data1\" content=\"1 minuto\" \/>\n<script type=\"application\/ld+json\" class=\"yoast-schema-graph\">{\"@context\":\"https:\/\/schema.org\",\"@graph\":[{\"@type\":\"WebPage\",\"@id\":\"https:\/\/www.hotellombardia.com\/es\/habitaciones\/habitacion-cuadruple\/\",\"url\":\"https:\/\/www.hotellombardia.com\/es\/habitaciones\/habitacion-cuadruple\/\",\"name\":\"Habitaci\u00f3n Cu\u00e1druple &#8211; Hotel Lombardia Milano\",\"isPartOf\":{\"@id\":\"https:\/\/www.hotellombardia.com\/es\/#website\"},\"datePublished\":\"2025-11-19T09:30:51+00:00\",\"dateModified\":\"2026-01-23T11:18:35+00:00\",\"description\":\"Nuestra habitaci\u00f3n Cu\u00e1druple es perfecta para familias o grupos, ofreciendo dos camas dobles (140\u00d7200 cm) distribuidas en dos habitaciones conectadas que crean una atm\u00f3sfera acogedora similar a un apartamento privado. Ideal para hu\u00e9spedes que buscan una espaciosa habitaci\u00f3n de hotel familiar en Mil\u00e1n, este dise\u00f1o asegura confort y privacidad para todos. Puedes compartir los momentos memorables de tu viaje, mientras mantienes la capacidad de cerrar la puerta para un momento de tranquilidad cuando lo necesites. &nbsp;\",\"breadcrumb\":{\"@id\":\"https:\/\/www.hotellombardia.com\/es\/habitaciones\/habitacion-cuadruple\/#breadcrumb\"},\"inLanguage\":\"es\",\"potentialAction\":[{\"@type\":\"ReadAction\",\"target\":[\"https:\/\/www.hotellombardia.com\/es\/habitaciones\/habitacion-cuadruple\/\"]}]},{\"@type\":\"BreadcrumbList\",\"@id\":\"https:\/\/www.hotellombardia.com\/es\/habitaciones\/habitacion-cuadruple\/#breadcrumb\",\"itemListElement\":[{\"@type\":\"ListItem\",\"position\":1,\"name\":\"Home\",\"item\":\"https:\/\/www.hotellombardia.com\/es\/\"},{\"@type\":\"ListItem\",\"position\":2,\"name\":\"Habitaciones\",\"item\":\"https:\/\/www.hotellombardia.com\/es\/habitaciones\/\"},{\"@type\":\"ListItem\",\"position\":3,\"name\":\"Habitaci\u00f3n Cu\u00e1druple\"}]},{\"@type\":\"WebSite\",\"@id\":\"https:\/\/www.hotellombardia.com\/es\/#website\",\"url\":\"https:\/\/www.hotellombardia.com\/es\/\",\"name\":\"Hotel Lombardia Milano\",\"description\":\"Hotel Lombardia Milan | Business, Relaxation &amp; Beauty\",\"publisher\":{\"@id\":\"https:\/\/www.hotellombardia.com\/es\/#organization\"},\"alternateName\":\"Hotel Lombardia Milano\",\"potentialAction\":[{\"@type\":\"SearchAction\",\"target\":{\"@type\":\"EntryPoint\",\"urlTemplate\":\"https:\/\/www.hotellombardia.com\/es\/?s={search_term_string}\"},\"query-input\":{\"@type\":\"PropertyValueSpecification\",\"valueRequired\":true,\"valueName\":\"search_term_string\"}}],\"inLanguage\":\"es\"},{\"@type\":\"Organization\",\"@id\":\"https:\/\/www.hotellombardia.com\/es\/#organization\",\"name\":\"Hotel Lombardia Milano\",\"alternateName\":\"Hotel Lombardia Milano\",\"url\":\"https:\/\/www.hotellombardia.com\/es\/\",\"logo\":{\"@type\":\"ImageObject\",\"inLanguage\":\"es\",\"@id\":\"https:\/\/www.hotellombardia.com\/es\/#\/schema\/logo\/image\/\",\"url\":\"https:\/\/hotel-lombardia-milano.ms3.decms.eu\/wp-content\/uploads\/sites\/17\/2025\/11\/1714842320-logo.avif\",\"contentUrl\":\"https:\/\/hotel-lombardia-milano.ms3.decms.eu\/wp-content\/uploads\/sites\/17\/2025\/11\/1714842320-logo.avif\",\"width\":175,\"height\":135,\"caption\":\"Hotel Lombardia Milano\"},\"image\":{\"@id\":\"https:\/\/www.hotellombardia.com\/es\/#\/schema\/logo\/image\/\"}}]}<\/script>\n<!-- \/ Yoast SEO plugin. -->","yoast_head_json":{"title":"Habitaci\u00f3n Cu\u00e1druple &#8211; Hotel Lombardia Milano","description":"Nuestra habitaci\u00f3n Cu\u00e1druple es perfecta para familias o grupos, ofreciendo dos camas dobles (140\u00d7200 cm) distribuidas en dos habitaciones conectadas que crean una atm\u00f3sfera acogedora similar a un apartamento privado. Ideal para hu\u00e9spedes que buscan una espaciosa habitaci\u00f3n de hotel familiar en Mil\u00e1n, este dise\u00f1o asegura confort y privacidad para todos.  Puedes compartir los momentos memorables de tu viaje, mientras mantienes la capacidad de cerrar la puerta para un momento de tranquilidad cuando lo necesites.  &nbsp;","robots":{"index":"index","follow":"follow","max-snippet":"max-snippet:-1","max-image-preview":"max-image-preview:large","max-video-preview":"max-video-preview:-1"},"canonical":"https:\/\/www.hotellombardia.com\/es\/habitaciones\/habitacion-cuadruple\/","og_locale":"es_ES","og_type":"article","og_title":"Habitaci\u00f3n Cu\u00e1druple &#8211; Hotel Lombardia Milano","og_description":"Nuestra habitaci\u00f3n Cu\u00e1druple es perfecta para familias o grupos, ofreciendo dos camas dobles (140\u00d7200 cm) distribuidas en dos habitaciones conectadas que crean una atm\u00f3sfera acogedora similar a un apartamento privado. Ideal para hu\u00e9spedes que buscan una espaciosa habitaci\u00f3n de hotel familiar en Mil\u00e1n, este dise\u00f1o asegura confort y privacidad para todos.  Puedes compartir los momentos memorables de tu viaje, mientras mantienes la capacidad de cerrar la puerta para un momento de tranquilidad cuando lo necesites.  &nbsp;","og_url":"https:\/\/www.hotellombardia.com\/es\/habitaciones\/habitacion-cuadruple\/","og_site_name":"Hotel Lombardia Milano","article_modified_time":"2026-01-23T11:18:35+00:00","twitter_card":"summary_large_image","twitter_misc":{"Est. reading time":"1 minuto"},"schema":{"@context":"https:\/\/schema.org","@graph":[{"@type":"WebPage","@id":"https:\/\/www.hotellombardia.com\/es\/habitaciones\/habitacion-cuadruple\/","url":"https:\/\/www.hotellombardia.com\/es\/habitaciones\/habitacion-cuadruple\/","name":"Habitaci\u00f3n Cu\u00e1druple &#8211; Hotel Lombardia Milano","isPartOf":{"@id":"https:\/\/www.hotellombardia.com\/es\/#website"},"datePublished":"2025-11-19T09:30:51+00:00","dateModified":"2026-01-23T11:18:35+00:00","description":"Nuestra habitaci\u00f3n Cu\u00e1druple es perfecta para familias o grupos, ofreciendo dos camas dobles (140\u00d7200 cm) distribuidas en dos habitaciones conectadas que crean una atm\u00f3sfera acogedora similar a un apartamento privado. Ideal para hu\u00e9spedes que buscan una espaciosa habitaci\u00f3n de hotel familiar en Mil\u00e1n, este dise\u00f1o asegura confort y privacidad para todos. Puedes compartir los momentos memorables de tu viaje, mientras mantienes la capacidad de cerrar la puerta para un momento de tranquilidad cuando lo necesites. &nbsp;","breadcrumb":{"@id":"https:\/\/www.hotellombardia.com\/es\/habitaciones\/habitacion-cuadruple\/#breadcrumb"},"inLanguage":"es","potentialAction":[{"@type":"ReadAction","target":["https:\/\/www.hotellombardia.com\/es\/habitaciones\/habitacion-cuadruple\/"]}]},{"@type":"BreadcrumbList","@id":"https:\/\/www.hotellombardia.com\/es\/habitaciones\/habitacion-cuadruple\/#breadcrumb","itemListElement":[{"@type":"ListItem","position":1,"name":"Home","item":"https:\/\/www.hotellombardia.com\/es\/"},{"@type":"ListItem","position":2,"name":"Habitaciones","item":"https:\/\/www.hotellombardia.com\/es\/habitaciones\/"},{"@type":"ListItem","position":3,"name":"Habitaci\u00f3n Cu\u00e1druple"}]},{"@type":"WebSite","@id":"https:\/\/www.hotellombardia.com\/es\/#website","url":"https:\/\/www.hotellombardia.com\/es\/","name":"Hotel Lombardia Milano","description":"Hotel Lombardia Milan | Business, Relaxation &amp; Beauty","publisher":{"@id":"https:\/\/www.hotellombardia.com\/es\/#organization"},"alternateName":"Hotel Lombardia Milano","potentialAction":[{"@type":"SearchAction","target":{"@type":"EntryPoint","urlTemplate":"https:\/\/www.hotellombardia.com\/es\/?s={search_term_string}"},"query-input":{"@type":"PropertyValueSpecification","valueRequired":true,"valueName":"search_term_string"}}],"inLanguage":"es"},{"@type":"Organization","@id":"https:\/\/www.hotellombardia.com\/es\/#organization","name":"Hotel Lombardia Milano","alternateName":"Hotel Lombardia Milano","url":"https:\/\/www.hotellombardia.com\/es\/","logo":{"@type":"ImageObject","inLanguage":"es","@id":"https:\/\/www.hotellombardia.com\/es\/#\/schema\/logo\/image\/","url":"https:\/\/hotel-lombardia-milano.ms3.decms.eu\/wp-content\/uploads\/sites\/17\/2025\/11\/1714842320-logo.avif","contentUrl":"https:\/\/hotel-lombardia-milano.ms3.decms.eu\/wp-content\/uploads\/sites\/17\/2025\/11\/1714842320-logo.avif","width":175,"height":135,"caption":"Hotel Lombardia Milano"},"image":{"@id":"https:\/\/www.hotellombardia.com\/es\/#\/schema\/logo\/image\/"}}]}},"acf":[],"_links":{"self":[{"href":"https:\/\/www.hotellombardia.com\/es\/wp-json\/wp\/v2\/pages\/327","targetHints":{"allow":["GET"]}}],"collection":[{"href":"https:\/\/www.hotellombardia.com\/es\/wp-json\/wp\/v2\/pages"}],"about":[{"href":"https:\/\/www.hotellombardia.com\/es\/wp-json\/wp\/v2\/types\/page"}],"author":[{"embeddable":true,"href":"https:\/\/www.hotellombardia.com\/es\/wp-json\/wp\/v2\/users\/9"}],"replies":[{"embeddable":true,"href":"https:\/\/www.hotellombardia.com\/es\/wp-json\/wp\/v2\/comments?post=327"}],"version-history":[{"count":0,"href":"https:\/\/www.hotellombardia.com\/es\/wp-json\/wp\/v2\/pages\/327\/revisions"}],"up":[{"embeddable":true,"href":"https:\/\/www.hotellombardia.com\/es\/wp-json\/wp\/v2\/pages\/344"}],"wp:attachment":[{"href":"https:\/\/www.hotellombardia.com\/es\/wp-json\/wp\/v2\/media?parent=327"}],"curies":[{"name":"wp","href":"https:\/\/api.w.org\/{rel}","templated":true}]}}