{"id":322,"date":"2025-11-19T10:10:26","date_gmt":"2025-11-19T10:10:26","guid":{"rendered":"https:\/\/hotel-lombardia-milano.ms3.decms.eu\/?page_id=322"},"modified":"2026-01-14T15:41:48","modified_gmt":"2026-01-14T15:41:48","slug":"meetings","status":"publish","type":"page","link":"https:\/\/www.hotellombardia.com\/es\/meetings\/","title":{"rendered":"Salas de Reuniones y Eventos"},"content":{"rendered":"<p>Como <b>hotel con salas de reuniones en Mil\u00e1n<\/b>, el Hotel Lombardia ofrece un Centro de Conferencias vers\u00e1til y completamente equipado dise\u00f1ado para albergar todo tipo de reuniones de negocios.<\/p>\n<p>Con seis salas de reuniones que acomodan <b>hasta 400 invitados<\/b> en total, el lugar proporciona el entorno ideal para discusiones productivas, talleres, seminarios o reuniones de consejo.<\/p>\n<h3><b>Salas de reuniones vers\u00e1tiles adaptadas a tus necesidades<\/b><\/h3>\n<p>Cada espacio se beneficia de <b>abundante luz natural<\/b> gracias a grandes ventanas, creando una atm\u00f3sfera refrescante y energizante que mejora la concentraci\u00f3n durante sesiones largas. Las salas var\u00edan en tama\u00f1o, desde espacios \u00edntimos para <b>20-35 personas<\/b> hasta grandes salones como el <b>Sala Alberto (hasta 150 invitados)<\/b> y el <b>Sala Margherita (hasta 110 invitados)<\/b>, permiti\u00e9ndote seleccionar el dise\u00f1o que mejor se adapte a tu evento.<\/p>\n","protected":false},"excerpt":{"rendered":"<p>Como hotel con salas de reuniones en Mil\u00e1n, el Hotel Lombardia ofrece un Centro de Conferencias vers\u00e1til y completamente equipado dise\u00f1ado para albergar todo tipo de reuniones de negocios. Con seis salas de reuniones que acomodan hasta 400 invitados en total, el lugar proporciona el entorno ideal para discusiones productivas, talleres, seminarios o reuniones de [&hellip;]<\/p>\n","protected":false},"author":9,"featured_media":0,"parent":0,"menu_order":20,"comment_status":"closed","ping_status":"closed","template":"template-meeting.php","meta":{"footnotes":""},"class_list":["post-322","page","type-page","status-publish","hentry"],"yoast_head":"<!-- This site is optimized with the Yoast SEO plugin v26.9 - https:\/\/yoast.com\/product\/yoast-seo-wordpress\/ -->\n<title>Salas de Reuniones y Eventos &#8211; Hotel Lombardia Milano<\/title>\n<meta name=\"description\" content=\"Como hotel con salas de reuniones en Mil\u00e1n, el Hotel Lombardia ofrece un Centro de Conferencias vers\u00e1til y completamente equipado dise\u00f1ado para albergar todo tipo de reuniones de negocios.  Con seis salas de reuniones que acomodan hasta 400 invitados en total, el lugar proporciona el entorno ideal para discusiones productivas, talleres, seminarios o reuniones de consejo. Salas de reuniones vers\u00e1tiles adaptadas a tus necesidades Cada espacio se beneficia de abundante luz natural gracias a grandes ventanas, creando una atm\u00f3sfera refrescante y energizante que mejora la concentraci\u00f3n durante sesiones largas. Las salas var\u00edan en tama\u00f1o, desde espacios \u00edntimos para 20-35 personas hasta grandes salones como el Sala Alberto (hasta 150 invitados) y el Sala Margherita (hasta 110 invitados), permiti\u00e9ndote seleccionar el dise\u00f1o que mejor se adapte a tu evento.\" \/>\n<meta name=\"robots\" content=\"index, follow, max-snippet:-1, max-image-preview:large, max-video-preview:-1\" \/>\n<link rel=\"canonical\" href=\"https:\/\/www.hotellombardia.com\/es\/meetings\/\" \/>\n<meta property=\"og:locale\" content=\"es_ES\" \/>\n<meta property=\"og:type\" content=\"article\" \/>\n<meta property=\"og:title\" content=\"Salas de Reuniones y Eventos &#8211; Hotel Lombardia Milano\" \/>\n<meta property=\"og:description\" content=\"Como hotel con salas de reuniones en Mil\u00e1n, el Hotel Lombardia ofrece un Centro de Conferencias vers\u00e1til y completamente equipado dise\u00f1ado para albergar todo tipo de reuniones de negocios.  Con seis salas de reuniones que acomodan hasta 400 invitados en total, el lugar proporciona el entorno ideal para discusiones productivas, talleres, seminarios o reuniones de consejo. Salas de reuniones vers\u00e1tiles adaptadas a tus necesidades Cada espacio se beneficia de abundante luz natural gracias a grandes ventanas, creando una atm\u00f3sfera refrescante y energizante que mejora la concentraci\u00f3n durante sesiones largas. Las salas var\u00edan en tama\u00f1o, desde espacios \u00edntimos para 20-35 personas hasta grandes salones como el Sala Alberto (hasta 150 invitados) y el Sala Margherita (hasta 110 invitados), permiti\u00e9ndote seleccionar el dise\u00f1o que mejor se adapte a tu evento.\" \/>\n<meta property=\"og:url\" content=\"https:\/\/www.hotellombardia.com\/es\/meetings\/\" \/>\n<meta property=\"og:site_name\" content=\"Hotel Lombardia Milano\" \/>\n<meta property=\"article:modified_time\" content=\"2026-01-14T15:41:48+00:00\" \/>\n<meta name=\"twitter:card\" content=\"summary_large_image\" \/>\n<meta name=\"twitter:label1\" content=\"Est. reading time\" \/>\n\t<meta name=\"twitter:data1\" content=\"1 minuto\" \/>\n<script type=\"application\/ld+json\" class=\"yoast-schema-graph\">{\"@context\":\"https:\/\/schema.org\",\"@graph\":[{\"@type\":\"WebPage\",\"@id\":\"https:\/\/www.hotellombardia.com\/es\/meetings\/\",\"url\":\"https:\/\/www.hotellombardia.com\/es\/meetings\/\",\"name\":\"Salas de Reuniones y Eventos &#8211; Hotel Lombardia Milano\",\"isPartOf\":{\"@id\":\"https:\/\/www.hotellombardia.com\/es\/#website\"},\"datePublished\":\"2025-11-19T10:10:26+00:00\",\"dateModified\":\"2026-01-14T15:41:48+00:00\",\"description\":\"Como hotel con salas de reuniones en Mil\u00e1n, el Hotel Lombardia ofrece un Centro de Conferencias vers\u00e1til y completamente equipado dise\u00f1ado para albergar todo tipo de reuniones de negocios. Con seis salas de reuniones que acomodan hasta 400 invitados en total, el lugar proporciona el entorno ideal para discusiones productivas, talleres, seminarios o reuniones de consejo. Salas de reuniones vers\u00e1tiles adaptadas a tus necesidades Cada espacio se beneficia de abundante luz natural gracias a grandes ventanas, creando una atm\u00f3sfera refrescante y energizante que mejora la concentraci\u00f3n durante sesiones largas. Las salas var\u00edan en tama\u00f1o, desde espacios \u00edntimos para 20-35 personas hasta grandes salones como el Sala Alberto (hasta 150 invitados) y el Sala Margherita (hasta 110 invitados), permiti\u00e9ndote seleccionar el dise\u00f1o que mejor se adapte a tu evento.\",\"breadcrumb\":{\"@id\":\"https:\/\/www.hotellombardia.com\/es\/meetings\/#breadcrumb\"},\"inLanguage\":\"es\",\"potentialAction\":[{\"@type\":\"ReadAction\",\"target\":[\"https:\/\/www.hotellombardia.com\/es\/meetings\/\"]}]},{\"@type\":\"BreadcrumbList\",\"@id\":\"https:\/\/www.hotellombardia.com\/es\/meetings\/#breadcrumb\",\"itemListElement\":[{\"@type\":\"ListItem\",\"position\":1,\"name\":\"Home\",\"item\":\"https:\/\/www.hotellombardia.com\/es\/\"},{\"@type\":\"ListItem\",\"position\":2,\"name\":\"Salas de Reuniones y Eventos\"}]},{\"@type\":\"WebSite\",\"@id\":\"https:\/\/www.hotellombardia.com\/es\/#website\",\"url\":\"https:\/\/www.hotellombardia.com\/es\/\",\"name\":\"Hotel Lombardia Milano\",\"description\":\"Hotel Lombardia Milan | Business, Relaxation &amp; Beauty\",\"publisher\":{\"@id\":\"https:\/\/www.hotellombardia.com\/es\/#organization\"},\"alternateName\":\"Hotel Lombardia Milano\",\"potentialAction\":[{\"@type\":\"SearchAction\",\"target\":{\"@type\":\"EntryPoint\",\"urlTemplate\":\"https:\/\/www.hotellombardia.com\/es\/?s={search_term_string}\"},\"query-input\":{\"@type\":\"PropertyValueSpecification\",\"valueRequired\":true,\"valueName\":\"search_term_string\"}}],\"inLanguage\":\"es\"},{\"@type\":\"Organization\",\"@id\":\"https:\/\/www.hotellombardia.com\/es\/#organization\",\"name\":\"Hotel Lombardia Milano\",\"alternateName\":\"Hotel Lombardia Milano\",\"url\":\"https:\/\/www.hotellombardia.com\/es\/\",\"logo\":{\"@type\":\"ImageObject\",\"inLanguage\":\"es\",\"@id\":\"https:\/\/www.hotellombardia.com\/es\/#\/schema\/logo\/image\/\",\"url\":\"https:\/\/hotel-lombardia-milano.ms3.decms.eu\/wp-content\/uploads\/sites\/17\/2025\/11\/1714842320-logo.avif\",\"contentUrl\":\"https:\/\/hotel-lombardia-milano.ms3.decms.eu\/wp-content\/uploads\/sites\/17\/2025\/11\/1714842320-logo.avif\",\"width\":175,\"height\":135,\"caption\":\"Hotel Lombardia Milano\"},\"image\":{\"@id\":\"https:\/\/www.hotellombardia.com\/es\/#\/schema\/logo\/image\/\"}}]}<\/script>\n<!-- \/ Yoast SEO plugin. -->","yoast_head_json":{"title":"Salas de Reuniones y Eventos &#8211; Hotel Lombardia Milano","description":"Como hotel con salas de reuniones en Mil\u00e1n, el Hotel Lombardia ofrece un Centro de Conferencias vers\u00e1til y completamente equipado dise\u00f1ado para albergar todo tipo de reuniones de negocios.  Con seis salas de reuniones que acomodan hasta 400 invitados en total, el lugar proporciona el entorno ideal para discusiones productivas, talleres, seminarios o reuniones de consejo. Salas de reuniones vers\u00e1tiles adaptadas a tus necesidades Cada espacio se beneficia de abundante luz natural gracias a grandes ventanas, creando una atm\u00f3sfera refrescante y energizante que mejora la concentraci\u00f3n durante sesiones largas. Las salas var\u00edan en tama\u00f1o, desde espacios \u00edntimos para 20-35 personas hasta grandes salones como el Sala Alberto (hasta 150 invitados) y el Sala Margherita (hasta 110 invitados), permiti\u00e9ndote seleccionar el dise\u00f1o que mejor se adapte a tu evento.","robots":{"index":"index","follow":"follow","max-snippet":"max-snippet:-1","max-image-preview":"max-image-preview:large","max-video-preview":"max-video-preview:-1"},"canonical":"https:\/\/www.hotellombardia.com\/es\/meetings\/","og_locale":"es_ES","og_type":"article","og_title":"Salas de Reuniones y Eventos &#8211; Hotel Lombardia Milano","og_description":"Como hotel con salas de reuniones en Mil\u00e1n, el Hotel Lombardia ofrece un Centro de Conferencias vers\u00e1til y completamente equipado dise\u00f1ado para albergar todo tipo de reuniones de negocios.  Con seis salas de reuniones que acomodan hasta 400 invitados en total, el lugar proporciona el entorno ideal para discusiones productivas, talleres, seminarios o reuniones de consejo. Salas de reuniones vers\u00e1tiles adaptadas a tus necesidades Cada espacio se beneficia de abundante luz natural gracias a grandes ventanas, creando una atm\u00f3sfera refrescante y energizante que mejora la concentraci\u00f3n durante sesiones largas. Las salas var\u00edan en tama\u00f1o, desde espacios \u00edntimos para 20-35 personas hasta grandes salones como el Sala Alberto (hasta 150 invitados) y el Sala Margherita (hasta 110 invitados), permiti\u00e9ndote seleccionar el dise\u00f1o que mejor se adapte a tu evento.","og_url":"https:\/\/www.hotellombardia.com\/es\/meetings\/","og_site_name":"Hotel Lombardia Milano","article_modified_time":"2026-01-14T15:41:48+00:00","twitter_card":"summary_large_image","twitter_misc":{"Est. reading time":"1 minuto"},"schema":{"@context":"https:\/\/schema.org","@graph":[{"@type":"WebPage","@id":"https:\/\/www.hotellombardia.com\/es\/meetings\/","url":"https:\/\/www.hotellombardia.com\/es\/meetings\/","name":"Salas de Reuniones y Eventos &#8211; Hotel Lombardia Milano","isPartOf":{"@id":"https:\/\/www.hotellombardia.com\/es\/#website"},"datePublished":"2025-11-19T10:10:26+00:00","dateModified":"2026-01-14T15:41:48+00:00","description":"Como hotel con salas de reuniones en Mil\u00e1n, el Hotel Lombardia ofrece un Centro de Conferencias vers\u00e1til y completamente equipado dise\u00f1ado para albergar todo tipo de reuniones de negocios. Con seis salas de reuniones que acomodan hasta 400 invitados en total, el lugar proporciona el entorno ideal para discusiones productivas, talleres, seminarios o reuniones de consejo. Salas de reuniones vers\u00e1tiles adaptadas a tus necesidades Cada espacio se beneficia de abundante luz natural gracias a grandes ventanas, creando una atm\u00f3sfera refrescante y energizante que mejora la concentraci\u00f3n durante sesiones largas. Las salas var\u00edan en tama\u00f1o, desde espacios \u00edntimos para 20-35 personas hasta grandes salones como el Sala Alberto (hasta 150 invitados) y el Sala Margherita (hasta 110 invitados), permiti\u00e9ndote seleccionar el dise\u00f1o que mejor se adapte a tu evento.","breadcrumb":{"@id":"https:\/\/www.hotellombardia.com\/es\/meetings\/#breadcrumb"},"inLanguage":"es","potentialAction":[{"@type":"ReadAction","target":["https:\/\/www.hotellombardia.com\/es\/meetings\/"]}]},{"@type":"BreadcrumbList","@id":"https:\/\/www.hotellombardia.com\/es\/meetings\/#breadcrumb","itemListElement":[{"@type":"ListItem","position":1,"name":"Home","item":"https:\/\/www.hotellombardia.com\/es\/"},{"@type":"ListItem","position":2,"name":"Salas de Reuniones y Eventos"}]},{"@type":"WebSite","@id":"https:\/\/www.hotellombardia.com\/es\/#website","url":"https:\/\/www.hotellombardia.com\/es\/","name":"Hotel Lombardia Milano","description":"Hotel Lombardia Milan | Business, Relaxation &amp; Beauty","publisher":{"@id":"https:\/\/www.hotellombardia.com\/es\/#organization"},"alternateName":"Hotel Lombardia Milano","potentialAction":[{"@type":"SearchAction","target":{"@type":"EntryPoint","urlTemplate":"https:\/\/www.hotellombardia.com\/es\/?s={search_term_string}"},"query-input":{"@type":"PropertyValueSpecification","valueRequired":true,"valueName":"search_term_string"}}],"inLanguage":"es"},{"@type":"Organization","@id":"https:\/\/www.hotellombardia.com\/es\/#organization","name":"Hotel Lombardia Milano","alternateName":"Hotel Lombardia Milano","url":"https:\/\/www.hotellombardia.com\/es\/","logo":{"@type":"ImageObject","inLanguage":"es","@id":"https:\/\/www.hotellombardia.com\/es\/#\/schema\/logo\/image\/","url":"https:\/\/hotel-lombardia-milano.ms3.decms.eu\/wp-content\/uploads\/sites\/17\/2025\/11\/1714842320-logo.avif","contentUrl":"https:\/\/hotel-lombardia-milano.ms3.decms.eu\/wp-content\/uploads\/sites\/17\/2025\/11\/1714842320-logo.avif","width":175,"height":135,"caption":"Hotel Lombardia Milano"},"image":{"@id":"https:\/\/www.hotellombardia.com\/es\/#\/schema\/logo\/image\/"}}]}},"acf":[],"_links":{"self":[{"href":"https:\/\/www.hotellombardia.com\/es\/wp-json\/wp\/v2\/pages\/322","targetHints":{"allow":["GET"]}}],"collection":[{"href":"https:\/\/www.hotellombardia.com\/es\/wp-json\/wp\/v2\/pages"}],"about":[{"href":"https:\/\/www.hotellombardia.com\/es\/wp-json\/wp\/v2\/types\/page"}],"author":[{"embeddable":true,"href":"https:\/\/www.hotellombardia.com\/es\/wp-json\/wp\/v2\/users\/9"}],"replies":[{"embeddable":true,"href":"https:\/\/www.hotellombardia.com\/es\/wp-json\/wp\/v2\/comments?post=322"}],"version-history":[{"count":0,"href":"https:\/\/www.hotellombardia.com\/es\/wp-json\/wp\/v2\/pages\/322\/revisions"}],"wp:attachment":[{"href":"https:\/\/www.hotellombardia.com\/es\/wp-json\/wp\/v2\/media?parent=322"}],"curies":[{"name":"wp","href":"https:\/\/api.w.org\/{rel}","templated":true}]}}