{"id":288,"date":"2025-11-19T11:07:41","date_gmt":"2025-11-19T11:07:41","guid":{"rendered":"https:\/\/hotel-lombardia-milano.ms3.decms.eu\/diana-hall\/"},"modified":"2026-04-02T14:31:50","modified_gmt":"2026-04-02T14:31:50","slug":"sala-diana","status":"publish","type":"page","link":"https:\/\/www.hotellombardia.com\/es\/meetings\/sala-diana\/","title":{"rendered":"Sala Diana"},"content":{"rendered":"<p>Con sus 66 m2, esta sala puede albergar c\u00f3modamente hasta 30 personas. Es una habitaci\u00f3n multifuncional y c\u00f3moda.<\/p>\n","protected":false},"excerpt":{"rendered":"<p>Con sus 66 m2, esta sala puede albergar c\u00f3modamente hasta 30 personas. Es una habitaci\u00f3n multifuncional y c\u00f3moda.<\/p>\n","protected":false},"author":9,"featured_media":0,"parent":322,"menu_order":25,"comment_status":"closed","ping_status":"closed","template":"template-single-wedding.php","meta":{"footnotes":""},"class_list":["post-288","page","type-page","status-publish","hentry"],"yoast_head":"<!-- This site is optimized with the Yoast SEO plugin v26.9 - https:\/\/yoast.com\/product\/yoast-seo-wordpress\/ -->\n<title>Sala Diana | Hotel Lombardia<\/title>\n<meta name=\"description\" content=\"Con sus 66 m2, esta sala puede albergar c\u00f3modamente hasta 30 personas. Es una habitaci\u00f3n multifuncional y c\u00f3moda.\" \/>\n<meta name=\"robots\" content=\"index, follow, max-snippet:-1, max-image-preview:large, max-video-preview:-1\" \/>\n<link rel=\"canonical\" href=\"https:\/\/www.hotellombardia.com\/es\/meetings\/sala-diana\/\" \/>\n<meta property=\"og:locale\" content=\"es_ES\" \/>\n<meta property=\"og:type\" content=\"article\" \/>\n<meta property=\"og:title\" content=\"Sala Diana | Hotel Lombardia\" \/>\n<meta property=\"og:description\" content=\"Con sus 66 m2, esta sala puede albergar c\u00f3modamente hasta 30 personas. Es una habitaci\u00f3n multifuncional y c\u00f3moda.\" \/>\n<meta property=\"og:url\" content=\"https:\/\/www.hotellombardia.com\/es\/meetings\/sala-diana\/\" \/>\n<meta property=\"og:site_name\" content=\"Hotel Lombardia Milano\" \/>\n<meta property=\"article:modified_time\" content=\"2026-04-02T14:31:50+00:00\" \/>\n<meta name=\"twitter:card\" content=\"summary_large_image\" \/>\n<meta name=\"twitter:label1\" content=\"Est. reading time\" \/>\n\t<meta name=\"twitter:data1\" content=\"1 minuto\" \/>\n<script type=\"application\/ld+json\" class=\"yoast-schema-graph\">{\"@context\":\"https:\/\/schema.org\",\"@graph\":[{\"@type\":\"WebPage\",\"@id\":\"https:\/\/www.hotellombardia.com\/es\/meetings\/sala-diana\/\",\"url\":\"https:\/\/www.hotellombardia.com\/es\/meetings\/sala-diana\/\",\"name\":\"Sala Diana | Hotel Lombardia\",\"isPartOf\":{\"@id\":\"https:\/\/www.hotellombardia.com\/es\/#website\"},\"datePublished\":\"2025-11-19T11:07:41+00:00\",\"dateModified\":\"2026-04-02T14:31:50+00:00\",\"description\":\"Con sus 66 m2, esta sala puede albergar c\u00f3modamente hasta 30 personas. Es una habitaci\u00f3n multifuncional y c\u00f3moda.\",\"breadcrumb\":{\"@id\":\"https:\/\/www.hotellombardia.com\/es\/meetings\/sala-diana\/#breadcrumb\"},\"inLanguage\":\"es\",\"potentialAction\":[{\"@type\":\"ReadAction\",\"target\":[\"https:\/\/www.hotellombardia.com\/es\/meetings\/sala-diana\/\"]}]},{\"@type\":\"BreadcrumbList\",\"@id\":\"https:\/\/www.hotellombardia.com\/es\/meetings\/sala-diana\/#breadcrumb\",\"itemListElement\":[{\"@type\":\"ListItem\",\"position\":1,\"name\":\"Home\",\"item\":\"https:\/\/www.hotellombardia.com\/es\/\"},{\"@type\":\"ListItem\",\"position\":2,\"name\":\"Salas de Reuniones y Eventos\",\"item\":\"https:\/\/www.hotellombardia.com\/es\/meetings\/\"},{\"@type\":\"ListItem\",\"position\":3,\"name\":\"Sala Diana\"}]},{\"@type\":\"WebSite\",\"@id\":\"https:\/\/www.hotellombardia.com\/es\/#website\",\"url\":\"https:\/\/www.hotellombardia.com\/es\/\",\"name\":\"Hotel Lombardia Milano\",\"description\":\"Hotel Lombardia Milan | Business, Relaxation &amp; Beauty\",\"publisher\":{\"@id\":\"https:\/\/www.hotellombardia.com\/es\/#organization\"},\"alternateName\":\"Hotel Lombardia Milano\",\"potentialAction\":[{\"@type\":\"SearchAction\",\"target\":{\"@type\":\"EntryPoint\",\"urlTemplate\":\"https:\/\/www.hotellombardia.com\/es\/?s={search_term_string}\"},\"query-input\":{\"@type\":\"PropertyValueSpecification\",\"valueRequired\":true,\"valueName\":\"search_term_string\"}}],\"inLanguage\":\"es\"},{\"@type\":\"Organization\",\"@id\":\"https:\/\/www.hotellombardia.com\/es\/#organization\",\"name\":\"Hotel Lombardia Milano\",\"alternateName\":\"Hotel Lombardia Milano\",\"url\":\"https:\/\/www.hotellombardia.com\/es\/\",\"logo\":{\"@type\":\"ImageObject\",\"inLanguage\":\"es\",\"@id\":\"https:\/\/www.hotellombardia.com\/es\/#\/schema\/logo\/image\/\",\"url\":\"https:\/\/hotel-lombardia-milano.ms3.decms.eu\/wp-content\/uploads\/sites\/17\/2025\/11\/1714842320-logo.avif\",\"contentUrl\":\"https:\/\/hotel-lombardia-milano.ms3.decms.eu\/wp-content\/uploads\/sites\/17\/2025\/11\/1714842320-logo.avif\",\"width\":175,\"height\":135,\"caption\":\"Hotel Lombardia Milano\"},\"image\":{\"@id\":\"https:\/\/www.hotellombardia.com\/es\/#\/schema\/logo\/image\/\"}}]}<\/script>\n<!-- \/ Yoast SEO plugin. -->","yoast_head_json":{"title":"Sala Diana | Hotel Lombardia","description":"Con sus 66 m2, esta sala puede albergar c\u00f3modamente hasta 30 personas. Es una habitaci\u00f3n multifuncional y c\u00f3moda.","robots":{"index":"index","follow":"follow","max-snippet":"max-snippet:-1","max-image-preview":"max-image-preview:large","max-video-preview":"max-video-preview:-1"},"canonical":"https:\/\/www.hotellombardia.com\/es\/meetings\/sala-diana\/","og_locale":"es_ES","og_type":"article","og_title":"Sala Diana | Hotel Lombardia","og_description":"Con sus 66 m2, esta sala puede albergar c\u00f3modamente hasta 30 personas. Es una habitaci\u00f3n multifuncional y c\u00f3moda.","og_url":"https:\/\/www.hotellombardia.com\/es\/meetings\/sala-diana\/","og_site_name":"Hotel Lombardia Milano","article_modified_time":"2026-04-02T14:31:50+00:00","twitter_card":"summary_large_image","twitter_misc":{"Est. reading time":"1 minuto"},"schema":{"@context":"https:\/\/schema.org","@graph":[{"@type":"WebPage","@id":"https:\/\/www.hotellombardia.com\/es\/meetings\/sala-diana\/","url":"https:\/\/www.hotellombardia.com\/es\/meetings\/sala-diana\/","name":"Sala Diana | Hotel Lombardia","isPartOf":{"@id":"https:\/\/www.hotellombardia.com\/es\/#website"},"datePublished":"2025-11-19T11:07:41+00:00","dateModified":"2026-04-02T14:31:50+00:00","description":"Con sus 66 m2, esta sala puede albergar c\u00f3modamente hasta 30 personas. Es una habitaci\u00f3n multifuncional y c\u00f3moda.","breadcrumb":{"@id":"https:\/\/www.hotellombardia.com\/es\/meetings\/sala-diana\/#breadcrumb"},"inLanguage":"es","potentialAction":[{"@type":"ReadAction","target":["https:\/\/www.hotellombardia.com\/es\/meetings\/sala-diana\/"]}]},{"@type":"BreadcrumbList","@id":"https:\/\/www.hotellombardia.com\/es\/meetings\/sala-diana\/#breadcrumb","itemListElement":[{"@type":"ListItem","position":1,"name":"Home","item":"https:\/\/www.hotellombardia.com\/es\/"},{"@type":"ListItem","position":2,"name":"Salas de Reuniones y Eventos","item":"https:\/\/www.hotellombardia.com\/es\/meetings\/"},{"@type":"ListItem","position":3,"name":"Sala Diana"}]},{"@type":"WebSite","@id":"https:\/\/www.hotellombardia.com\/es\/#website","url":"https:\/\/www.hotellombardia.com\/es\/","name":"Hotel Lombardia Milano","description":"Hotel Lombardia Milan | Business, Relaxation &amp; Beauty","publisher":{"@id":"https:\/\/www.hotellombardia.com\/es\/#organization"},"alternateName":"Hotel Lombardia Milano","potentialAction":[{"@type":"SearchAction","target":{"@type":"EntryPoint","urlTemplate":"https:\/\/www.hotellombardia.com\/es\/?s={search_term_string}"},"query-input":{"@type":"PropertyValueSpecification","valueRequired":true,"valueName":"search_term_string"}}],"inLanguage":"es"},{"@type":"Organization","@id":"https:\/\/www.hotellombardia.com\/es\/#organization","name":"Hotel Lombardia Milano","alternateName":"Hotel Lombardia Milano","url":"https:\/\/www.hotellombardia.com\/es\/","logo":{"@type":"ImageObject","inLanguage":"es","@id":"https:\/\/www.hotellombardia.com\/es\/#\/schema\/logo\/image\/","url":"https:\/\/hotel-lombardia-milano.ms3.decms.eu\/wp-content\/uploads\/sites\/17\/2025\/11\/1714842320-logo.avif","contentUrl":"https:\/\/hotel-lombardia-milano.ms3.decms.eu\/wp-content\/uploads\/sites\/17\/2025\/11\/1714842320-logo.avif","width":175,"height":135,"caption":"Hotel Lombardia Milano"},"image":{"@id":"https:\/\/www.hotellombardia.com\/es\/#\/schema\/logo\/image\/"}}]}},"acf":[],"_links":{"self":[{"href":"https:\/\/www.hotellombardia.com\/es\/wp-json\/wp\/v2\/pages\/288","targetHints":{"allow":["GET"]}}],"collection":[{"href":"https:\/\/www.hotellombardia.com\/es\/wp-json\/wp\/v2\/pages"}],"about":[{"href":"https:\/\/www.hotellombardia.com\/es\/wp-json\/wp\/v2\/types\/page"}],"author":[{"embeddable":true,"href":"https:\/\/www.hotellombardia.com\/es\/wp-json\/wp\/v2\/users\/9"}],"replies":[{"embeddable":true,"href":"https:\/\/www.hotellombardia.com\/es\/wp-json\/wp\/v2\/comments?post=288"}],"version-history":[{"count":0,"href":"https:\/\/www.hotellombardia.com\/es\/wp-json\/wp\/v2\/pages\/288\/revisions"}],"up":[{"embeddable":true,"href":"https:\/\/www.hotellombardia.com\/es\/wp-json\/wp\/v2\/pages\/322"}],"wp:attachment":[{"href":"https:\/\/www.hotellombardia.com\/es\/wp-json\/wp\/v2\/media?parent=288"}],"curies":[{"name":"wp","href":"https:\/\/api.w.org\/{rel}","templated":true}]}}