{"id":276,"date":"2025-12-24T14:57:09","date_gmt":"2025-12-24T14:57:09","guid":{"rendered":"https:\/\/hotel-lombardia-milano.ms3.decms.eu\/?page_id=276"},"modified":"2026-01-13T16:11:25","modified_gmt":"2026-01-13T16:11:25","slug":"buffet-de-desayuno","status":"publish","type":"page","link":"https:\/\/www.hotellombardia.com\/es\/services\/buffet-de-desayuno\/","title":{"rendered":"Buffet de Desayuno"},"content":{"rendered":"<p>Experimenta el verdadero est\u00e1ndar de un <strong>hotel de 4 estrellas con desayuno en Mil\u00e1n<\/strong> en el Hotel Lombardia.<\/p>\n<p>Con su variedad, ingredientes de calidad y atm\u00f3sfera c\u00e1lida, el Hotel Lombardia se destaca como un <strong>hotel con desayuno en Mil\u00e1n<\/strong> considerado y conveniente, asegurando que comiences tu d\u00eda con confort y sabor antes de explorar la ciudad o dirigirte a tus compromisos de negocios.<\/p>\n","protected":false},"excerpt":{"rendered":"<p>Experimenta el verdadero est\u00e1ndar de un hotel de 4 estrellas con desayuno en Mil\u00e1n en el Hotel Lombardia. Con su variedad, ingredientes de calidad y atm\u00f3sfera c\u00e1lida, el Hotel Lombardia se destaca como un hotel con desayuno en Mil\u00e1n considerado y conveniente, asegurando que comiences tu d\u00eda con confort y sabor antes de explorar la [&hellip;]<\/p>\n","protected":false},"author":9,"featured_media":0,"parent":280,"menu_order":42,"comment_status":"closed","ping_status":"closed","template":"template-single-service.php","meta":{"footnotes":""},"class_list":["post-276","page","type-page","status-publish","hentry"],"yoast_head":"<!-- This site is optimized with the Yoast SEO plugin v26.9 - https:\/\/yoast.com\/product\/yoast-seo-wordpress\/ -->\n<title>Buffet de Desayuno &#8211; Hotel Lombardia Milano<\/title>\n<meta name=\"description\" content=\"Experimenta el verdadero est\u00e1ndar de un hotel de 4 estrellas con desayuno en Mil\u00e1n en el Hotel Lombardia.  Con su variedad, ingredientes de calidad y atm\u00f3sfera c\u00e1lida, el Hotel Lombardia se destaca como un hotel con desayuno en Mil\u00e1n considerado y conveniente, asegurando que comiences tu d\u00eda con confort y sabor antes de explorar la ciudad o dirigirte a tus compromisos de negocios..\" \/>\n<meta name=\"robots\" content=\"index, follow, max-snippet:-1, max-image-preview:large, max-video-preview:-1\" \/>\n<link rel=\"canonical\" href=\"https:\/\/www.hotellombardia.com\/es\/services\/buffet-de-desayuno\/\" \/>\n<meta property=\"og:locale\" content=\"es_ES\" \/>\n<meta property=\"og:type\" content=\"article\" \/>\n<meta property=\"og:title\" content=\"Buffet de Desayuno &#8211; Hotel Lombardia Milano\" \/>\n<meta property=\"og:description\" content=\"Experimenta el verdadero est\u00e1ndar de un hotel de 4 estrellas con desayuno en Mil\u00e1n en el Hotel Lombardia.  Con su variedad, ingredientes de calidad y atm\u00f3sfera c\u00e1lida, el Hotel Lombardia se destaca como un hotel con desayuno en Mil\u00e1n considerado y conveniente, asegurando que comiences tu d\u00eda con confort y sabor antes de explorar la ciudad o dirigirte a tus compromisos de negocios..\" \/>\n<meta property=\"og:url\" content=\"https:\/\/www.hotellombardia.com\/es\/services\/buffet-de-desayuno\/\" \/>\n<meta property=\"og:site_name\" content=\"Hotel Lombardia Milano\" \/>\n<meta property=\"article:modified_time\" content=\"2026-01-13T16:11:25+00:00\" \/>\n<meta name=\"twitter:card\" content=\"summary_large_image\" \/>\n<meta name=\"twitter:label1\" content=\"Est. reading time\" \/>\n\t<meta name=\"twitter:data1\" content=\"1 minuto\" \/>\n<script type=\"application\/ld+json\" class=\"yoast-schema-graph\">{\"@context\":\"https:\/\/schema.org\",\"@graph\":[{\"@type\":\"WebPage\",\"@id\":\"https:\/\/www.hotellombardia.com\/es\/services\/buffet-de-desayuno\/\",\"url\":\"https:\/\/www.hotellombardia.com\/es\/services\/buffet-de-desayuno\/\",\"name\":\"Buffet de Desayuno &#8211; Hotel Lombardia Milano\",\"isPartOf\":{\"@id\":\"https:\/\/www.hotellombardia.com\/es\/#website\"},\"datePublished\":\"2025-12-24T14:57:09+00:00\",\"dateModified\":\"2026-01-13T16:11:25+00:00\",\"description\":\"Experimenta el verdadero est\u00e1ndar de un hotel de 4 estrellas con desayuno en Mil\u00e1n en el Hotel Lombardia. Con su variedad, ingredientes de calidad y atm\u00f3sfera c\u00e1lida, el Hotel Lombardia se destaca como un hotel con desayuno en Mil\u00e1n considerado y conveniente, asegurando que comiences tu d\u00eda con confort y sabor antes de explorar la ciudad o dirigirte a tus compromisos de negocios..\",\"breadcrumb\":{\"@id\":\"https:\/\/www.hotellombardia.com\/es\/services\/buffet-de-desayuno\/#breadcrumb\"},\"inLanguage\":\"es\",\"potentialAction\":[{\"@type\":\"ReadAction\",\"target\":[\"https:\/\/www.hotellombardia.com\/es\/services\/buffet-de-desayuno\/\"]}]},{\"@type\":\"BreadcrumbList\",\"@id\":\"https:\/\/www.hotellombardia.com\/es\/services\/buffet-de-desayuno\/#breadcrumb\",\"itemListElement\":[{\"@type\":\"ListItem\",\"position\":1,\"name\":\"Home\",\"item\":\"https:\/\/www.hotellombardia.com\/es\/\"},{\"@type\":\"ListItem\",\"position\":2,\"name\":\"Servicios\",\"item\":\"https:\/\/www.hotellombardia.com\/es\/services\/\"},{\"@type\":\"ListItem\",\"position\":3,\"name\":\"Buffet de Desayuno\"}]},{\"@type\":\"WebSite\",\"@id\":\"https:\/\/www.hotellombardia.com\/es\/#website\",\"url\":\"https:\/\/www.hotellombardia.com\/es\/\",\"name\":\"Hotel Lombardia Milano\",\"description\":\"Hotel Lombardia Milan | Business, Relaxation &amp; Beauty\",\"publisher\":{\"@id\":\"https:\/\/www.hotellombardia.com\/es\/#organization\"},\"alternateName\":\"Hotel Lombardia Milano\",\"potentialAction\":[{\"@type\":\"SearchAction\",\"target\":{\"@type\":\"EntryPoint\",\"urlTemplate\":\"https:\/\/www.hotellombardia.com\/es\/?s={search_term_string}\"},\"query-input\":{\"@type\":\"PropertyValueSpecification\",\"valueRequired\":true,\"valueName\":\"search_term_string\"}}],\"inLanguage\":\"es\"},{\"@type\":\"Organization\",\"@id\":\"https:\/\/www.hotellombardia.com\/es\/#organization\",\"name\":\"Hotel Lombardia Milano\",\"alternateName\":\"Hotel Lombardia Milano\",\"url\":\"https:\/\/www.hotellombardia.com\/es\/\",\"logo\":{\"@type\":\"ImageObject\",\"inLanguage\":\"es\",\"@id\":\"https:\/\/www.hotellombardia.com\/es\/#\/schema\/logo\/image\/\",\"url\":\"https:\/\/hotel-lombardia-milano.ms3.decms.eu\/wp-content\/uploads\/sites\/17\/2025\/11\/1714842320-logo.avif\",\"contentUrl\":\"https:\/\/hotel-lombardia-milano.ms3.decms.eu\/wp-content\/uploads\/sites\/17\/2025\/11\/1714842320-logo.avif\",\"width\":175,\"height\":135,\"caption\":\"Hotel Lombardia Milano\"},\"image\":{\"@id\":\"https:\/\/www.hotellombardia.com\/es\/#\/schema\/logo\/image\/\"}}]}<\/script>\n<!-- \/ Yoast SEO plugin. -->","yoast_head_json":{"title":"Buffet de Desayuno &#8211; Hotel Lombardia Milano","description":"Experimenta el verdadero est\u00e1ndar de un hotel de 4 estrellas con desayuno en Mil\u00e1n en el Hotel Lombardia.  Con su variedad, ingredientes de calidad y atm\u00f3sfera c\u00e1lida, el Hotel Lombardia se destaca como un hotel con desayuno en Mil\u00e1n considerado y conveniente, asegurando que comiences tu d\u00eda con confort y sabor antes de explorar la ciudad o dirigirte a tus compromisos de negocios..","robots":{"index":"index","follow":"follow","max-snippet":"max-snippet:-1","max-image-preview":"max-image-preview:large","max-video-preview":"max-video-preview:-1"},"canonical":"https:\/\/www.hotellombardia.com\/es\/services\/buffet-de-desayuno\/","og_locale":"es_ES","og_type":"article","og_title":"Buffet de Desayuno &#8211; Hotel Lombardia Milano","og_description":"Experimenta el verdadero est\u00e1ndar de un hotel de 4 estrellas con desayuno en Mil\u00e1n en el Hotel Lombardia.  Con su variedad, ingredientes de calidad y atm\u00f3sfera c\u00e1lida, el Hotel Lombardia se destaca como un hotel con desayuno en Mil\u00e1n considerado y conveniente, asegurando que comiences tu d\u00eda con confort y sabor antes de explorar la ciudad o dirigirte a tus compromisos de negocios..","og_url":"https:\/\/www.hotellombardia.com\/es\/services\/buffet-de-desayuno\/","og_site_name":"Hotel Lombardia Milano","article_modified_time":"2026-01-13T16:11:25+00:00","twitter_card":"summary_large_image","twitter_misc":{"Est. reading time":"1 minuto"},"schema":{"@context":"https:\/\/schema.org","@graph":[{"@type":"WebPage","@id":"https:\/\/www.hotellombardia.com\/es\/services\/buffet-de-desayuno\/","url":"https:\/\/www.hotellombardia.com\/es\/services\/buffet-de-desayuno\/","name":"Buffet de Desayuno &#8211; Hotel Lombardia Milano","isPartOf":{"@id":"https:\/\/www.hotellombardia.com\/es\/#website"},"datePublished":"2025-12-24T14:57:09+00:00","dateModified":"2026-01-13T16:11:25+00:00","description":"Experimenta el verdadero est\u00e1ndar de un hotel de 4 estrellas con desayuno en Mil\u00e1n en el Hotel Lombardia. Con su variedad, ingredientes de calidad y atm\u00f3sfera c\u00e1lida, el Hotel Lombardia se destaca como un hotel con desayuno en Mil\u00e1n considerado y conveniente, asegurando que comiences tu d\u00eda con confort y sabor antes de explorar la ciudad o dirigirte a tus compromisos de negocios..","breadcrumb":{"@id":"https:\/\/www.hotellombardia.com\/es\/services\/buffet-de-desayuno\/#breadcrumb"},"inLanguage":"es","potentialAction":[{"@type":"ReadAction","target":["https:\/\/www.hotellombardia.com\/es\/services\/buffet-de-desayuno\/"]}]},{"@type":"BreadcrumbList","@id":"https:\/\/www.hotellombardia.com\/es\/services\/buffet-de-desayuno\/#breadcrumb","itemListElement":[{"@type":"ListItem","position":1,"name":"Home","item":"https:\/\/www.hotellombardia.com\/es\/"},{"@type":"ListItem","position":2,"name":"Servicios","item":"https:\/\/www.hotellombardia.com\/es\/services\/"},{"@type":"ListItem","position":3,"name":"Buffet de Desayuno"}]},{"@type":"WebSite","@id":"https:\/\/www.hotellombardia.com\/es\/#website","url":"https:\/\/www.hotellombardia.com\/es\/","name":"Hotel Lombardia Milano","description":"Hotel Lombardia Milan | Business, Relaxation &amp; Beauty","publisher":{"@id":"https:\/\/www.hotellombardia.com\/es\/#organization"},"alternateName":"Hotel Lombardia Milano","potentialAction":[{"@type":"SearchAction","target":{"@type":"EntryPoint","urlTemplate":"https:\/\/www.hotellombardia.com\/es\/?s={search_term_string}"},"query-input":{"@type":"PropertyValueSpecification","valueRequired":true,"valueName":"search_term_string"}}],"inLanguage":"es"},{"@type":"Organization","@id":"https:\/\/www.hotellombardia.com\/es\/#organization","name":"Hotel Lombardia Milano","alternateName":"Hotel Lombardia Milano","url":"https:\/\/www.hotellombardia.com\/es\/","logo":{"@type":"ImageObject","inLanguage":"es","@id":"https:\/\/www.hotellombardia.com\/es\/#\/schema\/logo\/image\/","url":"https:\/\/hotel-lombardia-milano.ms3.decms.eu\/wp-content\/uploads\/sites\/17\/2025\/11\/1714842320-logo.avif","contentUrl":"https:\/\/hotel-lombardia-milano.ms3.decms.eu\/wp-content\/uploads\/sites\/17\/2025\/11\/1714842320-logo.avif","width":175,"height":135,"caption":"Hotel Lombardia Milano"},"image":{"@id":"https:\/\/www.hotellombardia.com\/es\/#\/schema\/logo\/image\/"}}]}},"acf":[],"_links":{"self":[{"href":"https:\/\/www.hotellombardia.com\/es\/wp-json\/wp\/v2\/pages\/276","targetHints":{"allow":["GET"]}}],"collection":[{"href":"https:\/\/www.hotellombardia.com\/es\/wp-json\/wp\/v2\/pages"}],"about":[{"href":"https:\/\/www.hotellombardia.com\/es\/wp-json\/wp\/v2\/types\/page"}],"author":[{"embeddable":true,"href":"https:\/\/www.hotellombardia.com\/es\/wp-json\/wp\/v2\/users\/9"}],"replies":[{"embeddable":true,"href":"https:\/\/www.hotellombardia.com\/es\/wp-json\/wp\/v2\/comments?post=276"}],"version-history":[{"count":0,"href":"https:\/\/www.hotellombardia.com\/es\/wp-json\/wp\/v2\/pages\/276\/revisions"}],"up":[{"embeddable":true,"href":"https:\/\/www.hotellombardia.com\/es\/wp-json\/wp\/v2\/pages\/280"}],"wp:attachment":[{"href":"https:\/\/www.hotellombardia.com\/es\/wp-json\/wp\/v2\/media?parent=276"}],"curies":[{"name":"wp","href":"https:\/\/api.w.org\/{rel}","templated":true}]}}