{"id":235,"date":"2025-11-17T11:23:35","date_gmt":"2025-11-17T11:23:35","guid":{"rendered":"https:\/\/hotel-lombardia-milano.ms3.decms.eu\/?page_id=235"},"modified":"2026-03-04T10:31:55","modified_gmt":"2026-03-04T10:31:55","slug":"privacy-policy","status":"publish","type":"page","link":"https:\/\/www.hotellombardia.com\/es\/privacy-policy\/","title":{"rendered":"Pol\u00edtica de privacidad"},"content":{"rendered":"<p>Data di entrata in vigore: 2024-06-01<\/p>\n<p>Ultimo aggiornamento: 2024-05-29<\/p>\n<p>La presente Pol\u00edtica de Privacidad explica las pol\u00edticas de Hotel Lombardia Milano s.r.l. sobre la recopilaci\u00f3n y el uso de la informaci\u00f3n que recopilamos cuando accedes a <a href=\"https:\/\/hotellombardia.com\">https:\/\/hotellombardia.com<\/a> (el \u00abServicio\u00bb). La presente Pol\u00edtica de Privacidad describe tus derechos y de qu\u00e9 manera est\u00e1s protegido por las leyes de privacidad.<\/p>\n<p>Al utilizar nuestro Servicio, consientes la recopilaci\u00f3n y el uso de tu informaci\u00f3n de acuerdo con esta Pol\u00edtica de privacidad. Por favor, no accedas ni utilices nuestro Servicio si no consientes la recopilaci\u00f3n y el uso de la informaci\u00f3n como se indica en esta Pol\u00edtica de privacidad.<\/p>\n<p>Hotel Lombardia Milano s.r.l. est\u00e1 autorizada a modificar la presente Pol\u00edtica de Privacidad en cualquier momento. Esto puede ocurrir sin previo aviso.<\/p>\n<p>Hotel Lombardia Milano s.r.l. publicar\u00e1 la Pol\u00edtica de Privacidad modificada en el sitio web <a href=\"https:\/\/hotellombardia.com\">https:\/\/hotellombardia.com<\/a>.<\/p>\n<h4>Recopilaci\u00f3n y uso de tu informaci\u00f3n personal<\/h4>\n<p><strong>Informaci\u00f3n recopilada<\/strong><br \/>\nCuando utilices nuestro Servicio, se te pedir\u00e1 que nos proporciones informaci\u00f3n personal utilizada para contactarte o identificarte. https:\/\/hotellombardia.com recopila la siguiente informaci\u00f3n:<\/p>\n<ul>\n<li>Datos de uso<\/li>\n<li>Los datos de uso incluyen lo siguiente:<\/li>\n<li>Direcci\u00f3n de Protocolo de Internet (IP) de los ordenadores que acceden al sitio<\/li>\n<li>Solicitudes de p\u00e1ginas web<\/li>\n<li>P\u00e1ginas web de referencia<\/li>\n<li>Navegador utilizado para acceder al sitio<\/li>\n<li>Hora y fecha de acceso<\/li>\n<\/ul>\n<p><strong>C\u00f3mo recopilamos la informaci\u00f3n<\/strong><br \/>\n<a href=\"https:\/\/hotellombardia.com\">https:\/\/hotellombardia.com<\/a> recopila y recibe informaci\u00f3n de tu parte de las siguientes maneras:<\/p>\n<p><span style=\"text-decoration: underline;\">Cuando interact\u00faas con nuestro Servicio.<br \/>\n<\/span>Tu informaci\u00f3n se conservar\u00e1 durante un m\u00e1ximo de 365 d\u00edas despu\u00e9s del cierre de tu cuenta. Tu informaci\u00f3n puede conservarse por per\u00edodos m\u00e1s largos para la elaboraci\u00f3n de informes o con fines de registro de acuerdo con las leyes aplicables. La informaci\u00f3n que no te identifica personalmente puede conservarse indefinidamente.<\/p>\n<p><strong>C\u00f3mo usamos tu informaci\u00f3n<\/strong><br \/>\n<a href=\"https:\/\/hotellombardia.com\">https:\/\/hotellombardia.com<\/a> puede utilizar tu informaci\u00f3n para los siguientes fines:<\/p>\n<ul>\n<li>Proporcionar y mantener nuestro Servicio,as\u00ed como monitorear el uso de nuestro Servicio.<\/li>\n<li>Publicidad dirigida.Tus datos personales ser\u00e1n utilizados para mejorar las iniciativas publicitarias que son relevantes para tus intereses espec\u00edficos.<\/li>\n<li>Informaci\u00f3n administrativa.Tus datos personales ser\u00e1n utilizados en el \u00e1mbito del funcionamiento y la gesti\u00f3n del sitio web.<\/li>\n<\/ul>\n<p><strong>C\u00f3mo compartimos tu informaci\u00f3n<\/strong><br \/>\nHotel Lombardia Milano s.r.l. compartir\u00e1 tu informaci\u00f3n, si corresponde, en las siguientes situaciones:<br \/>\nCon tu consentimiento.Hotel Lombardia Milano s.r.l. compartir\u00e1 tu informaci\u00f3n para cualquier prop\u00f3sito con tu consentimiento expl\u00edcito.<\/p>\n<p><strong>Compartir con terceros<\/strong><br \/>\nCualquier tercero con el que compartamos tu informaci\u00f3n debe revelar el prop\u00f3sito para el cual pretende utilizar tu informaci\u00f3n. Debe conservar tu informaci\u00f3n solo durante el per\u00edodo revelado en el momento de la solicitud o recepci\u00f3n de dicha informaci\u00f3n. El proveedor de servicios tercero no debe recopilar, vender o utilizar tu informaci\u00f3n personal m\u00e1s all\u00e1 de lo necesario para cumplir con el prop\u00f3sito especificado.<\/p>\n<p>Tu informaci\u00f3n puede ser compartida con un tercero por razones que incluyen:<\/p>\n<ul>\n<li>Informaci\u00f3n estad\u00edstica.Tu informaci\u00f3n podr\u00eda ser compartida con herramientas de an\u00e1lisis en l\u00ednea con el fin de rastrear y analizar el tr\u00e1fico del sitio web.<\/li>\n<li>Iniciativas de marketing.Tus datos ser\u00e1n utilizados para generar y enviar boletines informativos, iniciativas de marketing por correo electr\u00f3nico, publicidad y m\u00e1s.<\/li>\n<li>Mejora de las campa\u00f1as publicitarias dirigidas.Hotel Lombardia Milano s.r.l. colabora con proveedores de servicios externos para mejorar las campa\u00f1as publicitarias dirigidas.<\/li>\n<\/ul>\n<p>Si decides proporcionar dicha informaci\u00f3n durante el registro o de otra manera, est\u00e1s dando a Hotel Lombardia Milano s.r.l. el permiso para utilizar, compartir y almacenar dicha informaci\u00f3n de acuerdo con esta Pol\u00edtica de privacidad.<\/p>\n<p>Tu informaci\u00f3n puede ser divulgada por otros motivos, entre ellos:<\/p>\n<ul>\n<li>Cumplimiento de las normativas, los reglamentos o las \u00f3rdenes aplicables.<\/li>\n<li>Respuesta a quejas sobre tu uso de nuestro Servicio violando derechos de terceros.<\/li>\n<li>Respeto de los acuerdos celebrados con nosotros, incluida la presente Pol\u00edtica de privacidad.<\/li>\n<\/ul>\n<p><strong>Cookies<\/strong><br \/>\nLas cookies son peque\u00f1os archivos de texto que los sitios web que visitas colocan en tu computadora. Los sitios web utilizan las cookies para ayudar a los usuarios a navegar de manera eficiente y realizar ciertas funciones. Las cookies que son necesarias para el correcto funcionamiento del sitio web pueden ser configuradas sin tu permiso. Todas las dem\u00e1s cookies deben ser aprobadas antes de ser configuradas en el navegador.<\/p>\n<ul>\n<li>Cookies estrictamente necesarios.Las cookies estrictamente necesarias permiten las funcionalidades principales del sitio web, como el acceso del usuario y la gesti\u00f3n de la cuenta. El sitio web no puede ser utilizado correctamente sin las cookies estrictamente necesarias.<\/li>\n<li>Cookies de rendimiento.Las cookies de rendimiento se utilizan para ver c\u00f3mo los visitantes usan el sitio web, por ejemplo, con las cookies anal\u00edticas. Estas cookies no pueden ser utilizadas para identificar directamente a un visitante en particular.<\/li>\n<li>Cookies de segmentaci\u00f3n.Las cookies de segmentaci\u00f3n se utilizan para identificar a los visitantes entre diferentes sitios web, por ejemplo, socios de contenido, redes de banners. Estas cookies pueden ser utilizadas por las empresas para crear un perfil de los intereses de los visitantes o mostrar anuncios relevantes en otros sitios web.<\/li>\n<li>Cookies de funcionalidad.Las cookies de funcionalidad se utilizan para recordar la informaci\u00f3n del visitante en el sitio web, por ejemplo, idioma, zona horaria y contenido avanzado.<\/li>\n<\/ul>\n<p>Puedes modificar tu consentimiento para el uso de cookies.<\/p>\n<p><strong>Seguridad<\/strong><br \/>\nLa seguridad de tu informaci\u00f3n es importante para nosotros. <a href=\"https:\/\/hotellombardia.com\">https:\/\/hotellombardia.com<\/a> utiliza una serie de medidas de seguridad para prevenir el uso indebido, la p\u00e9rdida o la alteraci\u00f3n de la informaci\u00f3n que nos has proporcionado. Sin embargo, dado que no podemos garantizar la seguridad de la informaci\u00f3n que nos proporcionas, est\u00e1s accediendo a nuestro servicio bajo tu propio riesgo.<\/p>\n<p>Hotel Lombardia Milano s.r.l. no es responsable del rendimiento de los sitios web gestionados por terceros ni de tus interacciones con ellos. Cuando abandones este sitio web, te recomendamos revisar las pr\u00e1cticas de privacidad de los otros sitios web con los que interact\u00faas y determinar la adecuaci\u00f3n de dichas pr\u00e1cticas.<\/p>\n<p><strong>Contactos<\/strong><br \/>\nPara cualquier pregunta, puedes contactarnos a trav\u00e9s de los siguientes canales:<\/p>\n<p>Nombre: Hotel Lombardia Milano s.r.l.<\/p>\n<p>Direcci\u00f3n: Viale Lombardia 74\/76, 20131 Mil\u00e1n, Italia<\/p>\n<p>Correo electr\u00f3nico: <a href=\"mailto:info@hotellombardia.com\">info@hotellombardia.com<\/a><\/p>\n<p>Sitio web: <a href=\"https:\/\/hotellombardia.com\">https:\/\/hotellombardia.com<\/a><\/p>\n<p>Tel\u00e9fono: <a href=\"tel:+39022824849\">+39 02 282 4849<\/a><\/p>\n","protected":false},"excerpt":{"rendered":"<p>Data di entrata in vigore: 2024-06-01 Ultimo aggiornamento: 2024-05-29 La presente Pol\u00edtica de Privacidad explica las pol\u00edticas de Hotel Lombardia Milano s.r.l. sobre la recopilaci\u00f3n y el uso de la informaci\u00f3n que recopilamos cuando accedes a https:\/\/hotellombardia.com (el \u00abServicio\u00bb). La presente Pol\u00edtica de Privacidad describe tus derechos y de qu\u00e9 manera est\u00e1s protegido por las [&hellip;]<\/p>\n","protected":false},"author":9,"featured_media":0,"parent":0,"menu_order":999,"comment_status":"closed","ping_status":"closed","template":"template-privacy.php","meta":{"footnotes":""},"class_list":["post-235","page","type-page","status-publish","hentry"],"yoast_head":"<!-- This site is optimized with the Yoast SEO plugin v26.9 - https:\/\/yoast.com\/product\/yoast-seo-wordpress\/ -->\n<title>Pol\u00edtica de privacidad &#8211; Hotel Lombardia Milano<\/title>\n<meta name=\"description\" content=\"Data di entrata in vigore: 2024-06-01  Ultimo aggiornamento: 2024-05-29  La presente Pol\u00edtica de Privacidad explica las pol\u00edticas de Hotel Lombardia Milano s.r.l. sobre la recopilaci\u00f3n y el uso de la informaci\u00f3n que recopilamos cuando accedes a https:\/\/hotellombardia.com (el &quot;Servicio&quot;)\" \/>\n<meta name=\"robots\" content=\"index, follow, max-snippet:-1, max-image-preview:large, max-video-preview:-1\" \/>\n<link rel=\"canonical\" href=\"https:\/\/www.hotellombardia.com\/es\/privacy-policy\/\" \/>\n<meta property=\"og:locale\" content=\"es_ES\" \/>\n<meta property=\"og:type\" content=\"article\" \/>\n<meta property=\"og:title\" content=\"Pol\u00edtica de privacidad &#8211; Hotel Lombardia Milano\" \/>\n<meta property=\"og:description\" content=\"Data di entrata in vigore: 2024-06-01  Ultimo aggiornamento: 2024-05-29  La presente Pol\u00edtica de Privacidad explica las pol\u00edticas de Hotel Lombardia Milano s.r.l. sobre la recopilaci\u00f3n y el uso de la informaci\u00f3n que recopilamos cuando accedes a https:\/\/hotellombardia.com (el &quot;Servicio&quot;)\" \/>\n<meta property=\"og:url\" content=\"https:\/\/www.hotellombardia.com\/es\/privacy-policy\/\" \/>\n<meta property=\"og:site_name\" content=\"Hotel Lombardia Milano\" \/>\n<meta property=\"article:modified_time\" content=\"2026-03-04T10:31:55+00:00\" \/>\n<meta name=\"twitter:card\" content=\"summary_large_image\" \/>\n<meta name=\"twitter:label1\" content=\"Est. reading time\" \/>\n\t<meta name=\"twitter:data1\" content=\"5 minutos\" \/>\n<script type=\"application\/ld+json\" class=\"yoast-schema-graph\">{\"@context\":\"https:\/\/schema.org\",\"@graph\":[{\"@type\":\"WebPage\",\"@id\":\"https:\/\/www.hotellombardia.com\/es\/privacy-policy\/\",\"url\":\"https:\/\/www.hotellombardia.com\/es\/privacy-policy\/\",\"name\":\"Pol\u00edtica de privacidad &#8211; Hotel Lombardia Milano\",\"isPartOf\":{\"@id\":\"https:\/\/www.hotellombardia.com\/es\/#website\"},\"datePublished\":\"2025-11-17T11:23:35+00:00\",\"dateModified\":\"2026-03-04T10:31:55+00:00\",\"description\":\"Data di entrata in vigore: 2024-06-01 Ultimo aggiornamento: 2024-05-29 La presente Pol\u00edtica de Privacidad explica las pol\u00edticas de Hotel Lombardia Milano s.r.l. sobre la recopilaci\u00f3n y el uso de la informaci\u00f3n que recopilamos cuando accedes a https:\/\/hotellombardia.com (el \\\"Servicio\\\")\",\"breadcrumb\":{\"@id\":\"https:\/\/www.hotellombardia.com\/es\/privacy-policy\/#breadcrumb\"},\"inLanguage\":\"es\",\"potentialAction\":[{\"@type\":\"ReadAction\",\"target\":[\"https:\/\/www.hotellombardia.com\/es\/privacy-policy\/\"]}]},{\"@type\":\"BreadcrumbList\",\"@id\":\"https:\/\/www.hotellombardia.com\/es\/privacy-policy\/#breadcrumb\",\"itemListElement\":[{\"@type\":\"ListItem\",\"position\":1,\"name\":\"Home\",\"item\":\"https:\/\/www.hotellombardia.com\/es\/\"},{\"@type\":\"ListItem\",\"position\":2,\"name\":\"Pol\u00edtica de privacidad\"}]},{\"@type\":\"WebSite\",\"@id\":\"https:\/\/www.hotellombardia.com\/es\/#website\",\"url\":\"https:\/\/www.hotellombardia.com\/es\/\",\"name\":\"Hotel Lombardia Milano\",\"description\":\"Hotel Lombardia Milan | Business, Relaxation &amp; Beauty\",\"publisher\":{\"@id\":\"https:\/\/www.hotellombardia.com\/es\/#organization\"},\"alternateName\":\"Hotel Lombardia Milano\",\"potentialAction\":[{\"@type\":\"SearchAction\",\"target\":{\"@type\":\"EntryPoint\",\"urlTemplate\":\"https:\/\/www.hotellombardia.com\/es\/?s={search_term_string}\"},\"query-input\":{\"@type\":\"PropertyValueSpecification\",\"valueRequired\":true,\"valueName\":\"search_term_string\"}}],\"inLanguage\":\"es\"},{\"@type\":\"Organization\",\"@id\":\"https:\/\/www.hotellombardia.com\/es\/#organization\",\"name\":\"Hotel Lombardia Milano\",\"alternateName\":\"Hotel Lombardia Milano\",\"url\":\"https:\/\/www.hotellombardia.com\/es\/\",\"logo\":{\"@type\":\"ImageObject\",\"inLanguage\":\"es\",\"@id\":\"https:\/\/www.hotellombardia.com\/es\/#\/schema\/logo\/image\/\",\"url\":\"https:\/\/hotel-lombardia-milano.ms3.decms.eu\/wp-content\/uploads\/sites\/17\/2025\/11\/1714842320-logo.avif\",\"contentUrl\":\"https:\/\/hotel-lombardia-milano.ms3.decms.eu\/wp-content\/uploads\/sites\/17\/2025\/11\/1714842320-logo.avif\",\"width\":175,\"height\":135,\"caption\":\"Hotel Lombardia Milano\"},\"image\":{\"@id\":\"https:\/\/www.hotellombardia.com\/es\/#\/schema\/logo\/image\/\"}}]}<\/script>\n<!-- \/ Yoast SEO plugin. -->","yoast_head_json":{"title":"Pol\u00edtica de privacidad &#8211; Hotel Lombardia Milano","description":"Data di entrata in vigore: 2024-06-01  Ultimo aggiornamento: 2024-05-29  La presente Pol\u00edtica de Privacidad explica las pol\u00edticas de Hotel Lombardia Milano s.r.l. sobre la recopilaci\u00f3n y el uso de la informaci\u00f3n que recopilamos cuando accedes a https:\/\/hotellombardia.com (el \"Servicio\")","robots":{"index":"index","follow":"follow","max-snippet":"max-snippet:-1","max-image-preview":"max-image-preview:large","max-video-preview":"max-video-preview:-1"},"canonical":"https:\/\/www.hotellombardia.com\/es\/privacy-policy\/","og_locale":"es_ES","og_type":"article","og_title":"Pol\u00edtica de privacidad &#8211; Hotel Lombardia Milano","og_description":"Data di entrata in vigore: 2024-06-01  Ultimo aggiornamento: 2024-05-29  La presente Pol\u00edtica de Privacidad explica las pol\u00edticas de Hotel Lombardia Milano s.r.l. sobre la recopilaci\u00f3n y el uso de la informaci\u00f3n que recopilamos cuando accedes a https:\/\/hotellombardia.com (el \"Servicio\")","og_url":"https:\/\/www.hotellombardia.com\/es\/privacy-policy\/","og_site_name":"Hotel Lombardia Milano","article_modified_time":"2026-03-04T10:31:55+00:00","twitter_card":"summary_large_image","twitter_misc":{"Est. reading time":"5 minutos"},"schema":{"@context":"https:\/\/schema.org","@graph":[{"@type":"WebPage","@id":"https:\/\/www.hotellombardia.com\/es\/privacy-policy\/","url":"https:\/\/www.hotellombardia.com\/es\/privacy-policy\/","name":"Pol\u00edtica de privacidad &#8211; Hotel Lombardia Milano","isPartOf":{"@id":"https:\/\/www.hotellombardia.com\/es\/#website"},"datePublished":"2025-11-17T11:23:35+00:00","dateModified":"2026-03-04T10:31:55+00:00","description":"Data di entrata in vigore: 2024-06-01 Ultimo aggiornamento: 2024-05-29 La presente Pol\u00edtica de Privacidad explica las pol\u00edticas de Hotel Lombardia Milano s.r.l. sobre la recopilaci\u00f3n y el uso de la informaci\u00f3n que recopilamos cuando accedes a https:\/\/hotellombardia.com (el \"Servicio\")","breadcrumb":{"@id":"https:\/\/www.hotellombardia.com\/es\/privacy-policy\/#breadcrumb"},"inLanguage":"es","potentialAction":[{"@type":"ReadAction","target":["https:\/\/www.hotellombardia.com\/es\/privacy-policy\/"]}]},{"@type":"BreadcrumbList","@id":"https:\/\/www.hotellombardia.com\/es\/privacy-policy\/#breadcrumb","itemListElement":[{"@type":"ListItem","position":1,"name":"Home","item":"https:\/\/www.hotellombardia.com\/es\/"},{"@type":"ListItem","position":2,"name":"Pol\u00edtica de privacidad"}]},{"@type":"WebSite","@id":"https:\/\/www.hotellombardia.com\/es\/#website","url":"https:\/\/www.hotellombardia.com\/es\/","name":"Hotel Lombardia Milano","description":"Hotel Lombardia Milan | Business, Relaxation &amp; Beauty","publisher":{"@id":"https:\/\/www.hotellombardia.com\/es\/#organization"},"alternateName":"Hotel Lombardia Milano","potentialAction":[{"@type":"SearchAction","target":{"@type":"EntryPoint","urlTemplate":"https:\/\/www.hotellombardia.com\/es\/?s={search_term_string}"},"query-input":{"@type":"PropertyValueSpecification","valueRequired":true,"valueName":"search_term_string"}}],"inLanguage":"es"},{"@type":"Organization","@id":"https:\/\/www.hotellombardia.com\/es\/#organization","name":"Hotel Lombardia Milano","alternateName":"Hotel Lombardia Milano","url":"https:\/\/www.hotellombardia.com\/es\/","logo":{"@type":"ImageObject","inLanguage":"es","@id":"https:\/\/www.hotellombardia.com\/es\/#\/schema\/logo\/image\/","url":"https:\/\/hotel-lombardia-milano.ms3.decms.eu\/wp-content\/uploads\/sites\/17\/2025\/11\/1714842320-logo.avif","contentUrl":"https:\/\/hotel-lombardia-milano.ms3.decms.eu\/wp-content\/uploads\/sites\/17\/2025\/11\/1714842320-logo.avif","width":175,"height":135,"caption":"Hotel Lombardia Milano"},"image":{"@id":"https:\/\/www.hotellombardia.com\/es\/#\/schema\/logo\/image\/"}}]}},"acf":[],"_links":{"self":[{"href":"https:\/\/www.hotellombardia.com\/es\/wp-json\/wp\/v2\/pages\/235","targetHints":{"allow":["GET"]}}],"collection":[{"href":"https:\/\/www.hotellombardia.com\/es\/wp-json\/wp\/v2\/pages"}],"about":[{"href":"https:\/\/www.hotellombardia.com\/es\/wp-json\/wp\/v2\/types\/page"}],"author":[{"embeddable":true,"href":"https:\/\/www.hotellombardia.com\/es\/wp-json\/wp\/v2\/users\/9"}],"replies":[{"embeddable":true,"href":"https:\/\/www.hotellombardia.com\/es\/wp-json\/wp\/v2\/comments?post=235"}],"version-history":[{"count":0,"href":"https:\/\/www.hotellombardia.com\/es\/wp-json\/wp\/v2\/pages\/235\/revisions"}],"wp:attachment":[{"href":"https:\/\/www.hotellombardia.com\/es\/wp-json\/wp\/v2\/media?parent=235"}],"curies":[{"name":"wp","href":"https:\/\/api.w.org\/{rel}","templated":true}]}}